{"id":1926,"date":"2017-08-04T10:27:47","date_gmt":"2017-08-04T09:27:47","guid":{"rendered":"http:\/\/reimech.lu\/?page_id=1926"},"modified":"2023-07-25T16:19:57","modified_gmt":"2023-07-25T14:19:57","slug":"elternschule","status":"publish","type":"page","link":"https:\/\/bierger.remich.lu\/lb\/ville-de-remich\/schulwesen\/elternschule\/","title":{"rendered":"Eltereschoul"},"content":{"rendered":"D&#8217;Eltereschoul ass de preventive Service vun der Fondatioun Kannerschlass.<\/p>\n<p>E gouf am Joer 2002 gegr\u00ebnnt a riicht sech un all Elteren (vun zuk\u00fcnftegen\u00a0Eltere bis Eltere vu Jugendlechen), d\u00e9i sech w\u00eblle beg\u00e9inen, diskut\u00e9ieren a sech am Grupp iwwert d\u2019Eltere sinn, d\u2018Erz\u00e9iung vun de Kanner an den\u00a0Alldag an der Famill austauschen.<\/p>\n<p>D&#8217;Ostantenne regroup\u00e9iert m\u00ebttlerweil 6 Gemengen (Betzder, Iechternach, Gr\u00e9iwemaacher, Jongl\u00ebnster, R\u00e9imech a Schengen), huet hire S\u00ebtz zu R\u00e9imech a g\u00ebtt vun der Madamm Patrice Moes-Gretsch (diplom\u00e9iert Erz\u00e9ierin a Familljentherapeutin) koordin\u00e9iert. Mat d\u00ebser Antenne kann d&#8217;Eltereschoul\u00a0hire Aarbechtsber\u00e4ich an d\u00ebser Regioun vum Land\u00a0erweidere fir esou op d&#8217;Nofro vun den Elteren a Leit d\u00e9i am Erz\u00e9iungs- a Sozialber\u00e4ich schaffen ze reag\u00e9ieren.<\/p>\n<p><strong>D&#8217;Aktivit\u00e9iten\u00a0si fir:<\/strong><\/p>\n<ol>\n<li>Elteren<br \/>\nD&#8217;Eltereschoul \u00ebnnerst\u00ebtzt a begleet d&#8217;Eltere bei der Erz\u00e9iung vun hirem Kand an huet als Zil Pr\u00e4ventioun. D&#8217;Eltereschoul ass keng individuell Berodungsplaz, mee eng Ulafplaz fir en \u00e9ischten Orient\u00e9ierungsaustausch.<\/li>\n<li>Leit d\u00e9i am Erz\u00e9iungs- a Sozialber\u00e4ich schaffen<br \/>\nAn enker Zesummenaarbecht mat de Gemengen, Elterevereenegungen, Cr\u00e8chen, Maison Relaisen, Schoulen, &#8230; k\u00ebnne m\u00e9iglechst vill Elteren erreecht ginn. D\u00ebs Kollaboratioune k\u00ebnnen \u00ebnner verschiddene Forme stattfannen: Konferenz, Table Rondes, Coursen zu spezifeschen Themen, Workshops oder souguer Coaching.<\/li>\n<li>Entreprisen, Banken &#8230;<br \/>\nZanter net all ze laanger Z\u00e4it g\u00ebtt et och d&#8217;M\u00e9iglechkeet fir Partnerschafte mat Entreprisen, Banken, &#8230;.. Hei kann d&#8217;Eltereschoul d&#8217;Personal mat Kanner mat Rotschl\u00e9i \u00ebnnerst\u00ebtzen an hinnen esou erm\u00e9iglechen e bessert d&#8217;Gl\u00e4ichgewiicht t\u00ebscht dem Beruffsalldag an dem Familljeliewen ze fannen.<\/li>\n<\/ol>\n<p><strong>Programm<\/strong><\/p>\n<p><span style=\"color: #008000\">Eltereschoul am Pr\u00e9sentiel &#8211; Offer fir Cr\u00e8chen, Maison Relaisen, Schoulen, &#8230;<\/span><\/p>\n<p>Duerch eng enk Zesummenaarbecht mat Institutiounen a Servicer aus dem sozio-edukative Ber\u00e4ich ass et m\u00e9iglech d\u2018Elteren do ze beg\u00e9ine \u201ewou se sinn\u201c.\u00a0 D&#8217;Offer \u00ebmfaasst souwuel thematesch Aktivit\u00e9ite\u00a0 vun enger Unit\u00e9it w\u00e9i awer och Coursen, Diskussiounsgruppen, Elterenecker&#8230;<\/p>\n<p><span style=\"color: #008000\">Eltereschoul online &#8211; Webinaire fir Elteren<\/span><\/p>\n<p>Mat der Eltereschoul Doheem, ginn den Eltere m\u00e9i w\u00e9i 30 verschidde Webinairen an Online-Course iwwert d\u2019Erz\u00e9iung, d\u2019Entw\u00e9cklung vum Kand an och d\u2019Familljeliewen ugebueden.<\/p>\n<p>D\u2019Episode vun\u00a0 &#8220;Ee staarkt Team&#8221;, eisem Podcast iwwert d\u2019Erz\u00e9iung a L\u00ebtzebuerger Sprooch,\u00a0 sinn op der Internets\u00e4it esou w\u00e9i op alle g\u00e4ngege Plattformen ze fannen.<\/p>\n<p><span style=\"color: #008000\">Eltereschoul dobaussen<\/span><\/p>\n<p>Am Kader vun Eltereschoul dobausse sinn d&#8217;Intervenanten op Spillplazen, M\u00e4ert oder bei grousse Manifestatioune present fir den Elteren ee Rot, eng kleng H\u00ebllefsstellung ze ginn oder mat hinnen iwwert d\u2019Erz\u00e9iung ze schw\u00e4tzen.<\/p>\n<p><strong><span style=\"color: #008000\">Elterecaf\u00e9<\/span><\/strong><\/p>\n<p>An den EltereCaf\u00e9en treffe sech Elteren, Grousselteren an all d\u00e9i d\u00e9i sech fir d\u2019Erz\u00e9iung interess\u00e9ieren. Kommt laanscht, mat oder ouni Kanner, fir Iech an engem flotten an agreabele Kader auszetauschen an ze diskut\u00e9ieren!<\/p>\n<p>&nbsp;<\/p>\n<p><em>De komplette Programm mat allen Aktivit\u00e9iten am Presentiel an Online fannt Dir \u00ebnnert :\u00a0<\/em><a href=\"https:\/\/www.kannerschlass.lu\/fr\/nos-services\/eltereschoul\/agenda\"><em>https:\/\/www.kannerschlass.lu\/fr\/nos-services\/eltereschoul\/agenda<\/em><\/a>","protected":false},"excerpt":{"rendered":"<p>D&#8217;Eltereschoul ass de preventive Service vun der Fondatioun Kannerschlass. E gouf am Joer 2002 gegr\u00ebnnt a riicht sech un all Elteren (vun zuk\u00fcnftegen\u00a0Eltere bis Eltere vu Jugendlechen), d\u00e9i sech w\u00eblle beg\u00e9inen, diskut\u00e9ieren a sech am Grupp iwwert d\u2019Eltere sinn, d\u2018Erz\u00e9iung vun de Kanner an den\u00a0Alldag an der Famill austauschen. D&#8217;Ostantenne regroup\u00e9iert m\u00ebttlerweil 6 Gemengen (Betzder,&#8230;  <a class=\"excerpt-read-more\" href=\"https:\/\/bierger.remich.lu\/lb\/ville-de-remich\/schulwesen\/elternschule\/\" title=\"ReadEltereschoul\">Read more &raquo;<\/a><\/p>\n","protected":false},"author":4,"featured_media":2035,"parent":1852,"menu_order":20,"comment_status":"closed","ping_status":"closed","template":"","meta":{"_acf_changed":false,"xn-wppe-expiration":[],"xn-wppe-expiration-action":[],"xn-wppe-expiration-prefix":[],"footnotes":"","_links_to":"","_links_to_target":""},"class_list":["post-1926","page","type-page","status-publish","has-post-thumbnail","hentry","keyword-verein"],"acf":[],"yoast_head":"<!-- This site is optimized with the Yoast SEO plugin v26.7 - https:\/\/yoast.com\/wordpress\/plugins\/seo\/ -->\n<title>Eltereschoul - Ville de Remich<\/title>\n<meta name=\"robots\" content=\"index, follow, max-snippet:-1, max-image-preview:large, max-video-preview:-1\" \/>\n<link rel=\"canonical\" href=\"https:\/\/bierger.remich.lu\/de\/ville-de-remich\/schulwesen\/elternschule\/\" \/>\n<meta property=\"og:locale\" content=\"en_US\" \/>\n<meta property=\"og:type\" content=\"article\" \/>\n<meta property=\"og:title\" content=\"Eltereschoul - Ville de Remich\" \/>\n<meta property=\"og:description\" content=\"D&#8217;Eltereschoul ass de preventive Service vun der Fondatioun Kannerschlass. E gouf am Joer 2002 gegr\u00ebnnt a riicht sech un all Elteren (vun zuk\u00fcnftegen\u00a0Eltere bis Eltere vu Jugendlechen), d\u00e9i sech w\u00eblle beg\u00e9inen, diskut\u00e9ieren a sech am Grupp iwwert d\u2019Eltere sinn, d\u2018Erz\u00e9iung vun de Kanner an den\u00a0Alldag an der Famill austauschen. D&#8217;Ostantenne regroup\u00e9iert m\u00ebttlerweil 6 Gemengen (Betzder,... Read more &raquo;\" \/>\n<meta property=\"og:url\" content=\"https:\/\/bierger.remich.lu\/de\/ville-de-remich\/schulwesen\/elternschule\/\" \/>\n<meta property=\"og:site_name\" content=\"Ville de Remich\" \/>\n<meta property=\"article:modified_time\" content=\"2023-07-25T14:19:57+00:00\" \/>\n<meta property=\"og:image\" content=\"https:\/\/bierger.remich.lu\/wp-content\/uploads\/sites\/3\/2017\/08\/christin-hume-316558-e1505206761841.jpg\" \/>\n\t<meta property=\"og:image:width\" content=\"2910\" \/>\n\t<meta property=\"og:image:height\" content=\"3970\" \/>\n\t<meta property=\"og:image:type\" content=\"image\/jpeg\" \/>\n<meta name=\"twitter:card\" content=\"summary_large_image\" \/>\n<meta name=\"twitter:label1\" content=\"Est. reading time\" \/>\n\t<meta name=\"twitter:data1\" content=\"10 minutes\" \/>\n<script type=\"application\/ld+json\" class=\"yoast-schema-graph\">{\"@context\":\"https:\/\/schema.org\",\"@graph\":[{\"@type\":\"WebPage\",\"@id\":\"https:\/\/bierger.remich.lu\/de\/ville-de-remich\/schulwesen\/elternschule\/\",\"url\":\"https:\/\/bierger.remich.lu\/de\/ville-de-remich\/schulwesen\/elternschule\/\",\"name\":\"Eltereschoul - Ville de Remich\",\"isPartOf\":{\"@id\":\"https:\/\/bierger.remich.lu\/de\/#website\"},\"primaryImageOfPage\":{\"@id\":\"https:\/\/bierger.remich.lu\/de\/ville-de-remich\/schulwesen\/elternschule\/#primaryimage\"},\"image\":{\"@id\":\"https:\/\/bierger.remich.lu\/de\/ville-de-remich\/schulwesen\/elternschule\/#primaryimage\"},\"thumbnailUrl\":\"https:\/\/bierger.remich.lu\/wp-content\/uploads\/sites\/3\/2017\/08\/christin-hume-316558-e1505206761841.jpg\",\"datePublished\":\"2017-08-04T09:27:47+00:00\",\"dateModified\":\"2023-07-25T14:19:57+00:00\",\"breadcrumb\":{\"@id\":\"https:\/\/bierger.remich.lu\/de\/ville-de-remich\/schulwesen\/elternschule\/#breadcrumb\"},\"inLanguage\":\"lb-LU\",\"potentialAction\":[{\"@type\":\"ReadAction\",\"target\":[\"https:\/\/bierger.remich.lu\/de\/ville-de-remich\/schulwesen\/elternschule\/\"]}]},{\"@type\":\"ImageObject\",\"inLanguage\":\"lb-LU\",\"@id\":\"https:\/\/bierger.remich.lu\/de\/ville-de-remich\/schulwesen\/elternschule\/#primaryimage\",\"url\":\"https:\/\/bierger.remich.lu\/wp-content\/uploads\/sites\/3\/2017\/08\/christin-hume-316558-e1505206761841.jpg\",\"contentUrl\":\"https:\/\/bierger.remich.lu\/wp-content\/uploads\/sites\/3\/2017\/08\/christin-hume-316558-e1505206761841.jpg\",\"width\":2910,\"height\":3970},{\"@type\":\"BreadcrumbList\",\"@id\":\"https:\/\/bierger.remich.lu\/de\/ville-de-remich\/schulwesen\/elternschule\/#breadcrumb\",\"itemListElement\":[{\"@type\":\"ListItem\",\"position\":1,\"name\":\"Startseite\",\"item\":\"https:\/\/bierger.remich.lu\/de\/\"},{\"@type\":\"ListItem\",\"position\":2,\"name\":\"Stadt Remich\",\"item\":\"https:\/\/bierger.remich.lu\/de\/ville-de-remich\/\"},{\"@type\":\"ListItem\",\"position\":3,\"name\":\"Bildung und Kinder\",\"item\":\"https:\/\/bierger.remich.lu\/de\/ville-de-remich\/schulwesen\/\"},{\"@type\":\"ListItem\",\"position\":4,\"name\":\"Elternschule\"}]},{\"@type\":\"WebSite\",\"@id\":\"https:\/\/bierger.remich.lu\/de\/#website\",\"url\":\"https:\/\/bierger.remich.lu\/de\/\",\"name\":\"Ville de Remich\",\"description\":\"\",\"potentialAction\":[{\"@type\":\"SearchAction\",\"target\":{\"@type\":\"EntryPoint\",\"urlTemplate\":\"https:\/\/bierger.remich.lu\/de\/?s={search_term_string}\"},\"query-input\":{\"@type\":\"PropertyValueSpecification\",\"valueRequired\":true,\"valueName\":\"search_term_string\"}}],\"inLanguage\":\"lb-LU\"}]}<\/script>\n<!-- \/ Yoast SEO plugin. -->","yoast_head_json":{"title":"Eltereschoul - Ville de Remich","robots":{"index":"index","follow":"follow","max-snippet":"max-snippet:-1","max-image-preview":"max-image-preview:large","max-video-preview":"max-video-preview:-1"},"canonical":"https:\/\/bierger.remich.lu\/de\/ville-de-remich\/schulwesen\/elternschule\/","og_locale":"en_US","og_type":"article","og_title":"Eltereschoul - Ville de Remich","og_description":"D&#8217;Eltereschoul ass de preventive Service vun der Fondatioun Kannerschlass. E gouf am Joer 2002 gegr\u00ebnnt a riicht sech un all Elteren (vun zuk\u00fcnftegen\u00a0Eltere bis Eltere vu Jugendlechen), d\u00e9i sech w\u00eblle beg\u00e9inen, diskut\u00e9ieren a sech am Grupp iwwert d\u2019Eltere sinn, d\u2018Erz\u00e9iung vun de Kanner an den\u00a0Alldag an der Famill austauschen. D&#8217;Ostantenne regroup\u00e9iert m\u00ebttlerweil 6 Gemengen (Betzder,... Read more &raquo;","og_url":"https:\/\/bierger.remich.lu\/de\/ville-de-remich\/schulwesen\/elternschule\/","og_site_name":"Ville de Remich","article_modified_time":"2023-07-25T14:19:57+00:00","og_image":[{"width":2910,"height":3970,"url":"https:\/\/bierger.remich.lu\/wp-content\/uploads\/sites\/3\/2017\/08\/christin-hume-316558-e1505206761841.jpg","type":"image\/jpeg"}],"twitter_card":"summary_large_image","twitter_misc":{"Est. reading time":"10 minutes"},"schema":{"@context":"https:\/\/schema.org","@graph":[{"@type":"WebPage","@id":"https:\/\/bierger.remich.lu\/de\/ville-de-remich\/schulwesen\/elternschule\/","url":"https:\/\/bierger.remich.lu\/de\/ville-de-remich\/schulwesen\/elternschule\/","name":"Eltereschoul - Ville de Remich","isPartOf":{"@id":"https:\/\/bierger.remich.lu\/de\/#website"},"primaryImageOfPage":{"@id":"https:\/\/bierger.remich.lu\/de\/ville-de-remich\/schulwesen\/elternschule\/#primaryimage"},"image":{"@id":"https:\/\/bierger.remich.lu\/de\/ville-de-remich\/schulwesen\/elternschule\/#primaryimage"},"thumbnailUrl":"https:\/\/bierger.remich.lu\/wp-content\/uploads\/sites\/3\/2017\/08\/christin-hume-316558-e1505206761841.jpg","datePublished":"2017-08-04T09:27:47+00:00","dateModified":"2023-07-25T14:19:57+00:00","breadcrumb":{"@id":"https:\/\/bierger.remich.lu\/de\/ville-de-remich\/schulwesen\/elternschule\/#breadcrumb"},"inLanguage":"lb-LU","potentialAction":[{"@type":"ReadAction","target":["https:\/\/bierger.remich.lu\/de\/ville-de-remich\/schulwesen\/elternschule\/"]}]},{"@type":"ImageObject","inLanguage":"lb-LU","@id":"https:\/\/bierger.remich.lu\/de\/ville-de-remich\/schulwesen\/elternschule\/#primaryimage","url":"https:\/\/bierger.remich.lu\/wp-content\/uploads\/sites\/3\/2017\/08\/christin-hume-316558-e1505206761841.jpg","contentUrl":"https:\/\/bierger.remich.lu\/wp-content\/uploads\/sites\/3\/2017\/08\/christin-hume-316558-e1505206761841.jpg","width":2910,"height":3970},{"@type":"BreadcrumbList","@id":"https:\/\/bierger.remich.lu\/de\/ville-de-remich\/schulwesen\/elternschule\/#breadcrumb","itemListElement":[{"@type":"ListItem","position":1,"name":"Startseite","item":"https:\/\/bierger.remich.lu\/de\/"},{"@type":"ListItem","position":2,"name":"Stadt Remich","item":"https:\/\/bierger.remich.lu\/de\/ville-de-remich\/"},{"@type":"ListItem","position":3,"name":"Bildung und Kinder","item":"https:\/\/bierger.remich.lu\/de\/ville-de-remich\/schulwesen\/"},{"@type":"ListItem","position":4,"name":"Elternschule"}]},{"@type":"WebSite","@id":"https:\/\/bierger.remich.lu\/de\/#website","url":"https:\/\/bierger.remich.lu\/de\/","name":"Ville de Remich","description":"","potentialAction":[{"@type":"SearchAction","target":{"@type":"EntryPoint","urlTemplate":"https:\/\/bierger.remich.lu\/de\/?s={search_term_string}"},"query-input":{"@type":"PropertyValueSpecification","valueRequired":true,"valueName":"search_term_string"}}],"inLanguage":"lb-LU"}]}},"_links":{"self":[{"href":"https:\/\/bierger.remich.lu\/lb\/wp-json\/wp\/v2\/pages\/1926","targetHints":{"allow":["GET"]}}],"collection":[{"href":"https:\/\/bierger.remich.lu\/lb\/wp-json\/wp\/v2\/pages"}],"about":[{"href":"https:\/\/bierger.remich.lu\/lb\/wp-json\/wp\/v2\/types\/page"}],"author":[{"embeddable":true,"href":"https:\/\/bierger.remich.lu\/lb\/wp-json\/wp\/v2\/users\/4"}],"replies":[{"embeddable":true,"href":"https:\/\/bierger.remich.lu\/lb\/wp-json\/wp\/v2\/comments?post=1926"}],"version-history":[{"count":10,"href":"https:\/\/bierger.remich.lu\/lb\/wp-json\/wp\/v2\/pages\/1926\/revisions"}],"predecessor-version":[{"id":12697,"href":"https:\/\/bierger.remich.lu\/lb\/wp-json\/wp\/v2\/pages\/1926\/revisions\/12697"}],"up":[{"embeddable":true,"href":"https:\/\/bierger.remich.lu\/lb\/wp-json\/wp\/v2\/pages\/1852"}],"wp:featuredmedia":[{"embeddable":true,"href":"https:\/\/bierger.remich.lu\/lb\/wp-json\/wp\/v2\/media\/2035"}],"wp:attachment":[{"href":"https:\/\/bierger.remich.lu\/lb\/wp-json\/wp\/v2\/media?parent=1926"}],"curies":[{"name":"wp","href":"https:\/\/api.w.org\/{rel}","templated":true}]}}