{"id":1930,"date":"2017-08-04T10:34:09","date_gmt":"2017-08-04T09:34:09","guid":{"rendered":"http:\/\/reimech.lu\/?page_id=1930"},"modified":"2024-10-03T09:37:08","modified_gmt":"2024-10-03T07:37:08","slug":"ezeiungs-a-familjeberodung-asbl","status":"publish","type":"page","link":"https:\/\/bierger.remich.lu\/lb\/ville-de-remich\/schulwesen\/ezeiungs-a-familjeberodung-asbl\/","title":{"rendered":"Erz\u00e9iongs- a Familljeberodung asbl"},"content":{"rendered":"Zanter September 2016 huet d&#8217;Erz\u00e9iungs- a Familljeberodung asbl och eng <span class=\"eifeler_regel\" title=\"Antennen\">Antenne<\/span> zu R\u00e9imech.<\/p>\n<p>D&#8217;Entw\u00e9cklung vu Kanner oder Jugendlechen, famili\u00e4r Bez\u00e9iungen oder belaaschtend Evenementer sin heiansdo eng grouss Erausfuerderung, bei deenen een \u00cbnnerst\u00ebtzung brauch.<\/p>\n<p>De Fokus vun der asbl l\u00e4it op der \u00cbnnerst\u00ebtzung duerch Erz\u00e9iungs- a Familljeberodung, Berodung vu Koppelen, Therapien a Begleedung vu Kanner, Jugendlechen a Familljen.<\/p>\n<p>An hirer Aarbecht dr\u00e9it sech meeschtens alles \u00ebm d\u00ebs Themen:<\/p>\n<ul>\n<li>Bannung, Elteren-Kand Interaktioun, sozial Interaktiounen<\/li>\n<li>Entw\u00e9cklungsaufgaben an -iwwerg\u00e4ng<\/li>\n<li>Entw\u00e9cklung vu L\u00e9isungsstrategien<\/li>\n<li>Emotional Belaaschtungen<\/li>\n<li>Lass loossen an Autonomie<\/li>\n<li>\u00cbmgang mat Aggressiounen, Schoulproblemer, Accidenter, Traumaen, Iessst\u00e9ierungen, Schlofst\u00e9ierungen, Sexuell Verhalensproblemer<\/li>\n<li>Trennung \/ Scheedung<\/li>\n<\/ul>\n<p>D&#8217;Angebot vun der Berodung an Therapie g\u00ebtt mat Gruppen- a Weiderbildungsofferen erweidert:<\/p>\n<ul>\n<li>Marte Meo Kompetenzzentrum, Licensed Supervising Marte Meo <span class=\"eifeler_regel\" title=\"Instituten\">Institute<\/span>, Ausbildung fir all Niveauen<\/li>\n<li>Babysitterausbildung a -verm\u00ebttlung<\/li>\n<li>&#8221; Kinder aus der <span class=\"eifeler_regel\" title=\"Klemmen\">Klemme<\/span> &#8221; &#8211; E Programm fir Famillje mat Trennungskonflikter<\/li>\n<li>&#8221; D\u2019Nuetseil &#8221; &#8211; therapeutesche Grupp fir Kanner mat Schlofproblemer<\/li>\n<li>Elteregrupp &#8211; &#8221; Versteesdemech &#8221; mat Marte Meo<\/li>\n<li>Familljegrupp &#8221; Musikalisch und k\u00fcnstlerisch in Bindung &#8221; &#8211; mat H\u00ebllef vu Musek a k\u00ebnschtleresche Prozesser kr\u00e9ien d&#8217;Elteren\u00a0Ureegunge fir eng gutt Bez\u00e9iung mat hire Kanner ze gestalten<\/li>\n<li>Stressbew\u00e4ltegung fir Elteren<\/li>\n<li>Projete mat aneren Ariichtungen (Schoulen, Maison Relaisen, Foyeren, Universit\u00e9iten)<\/li>\n<li>Verschidden\u00a0Themenowenter a Konferenzen<\/li>\n<\/ul>","protected":false},"excerpt":{"rendered":"<p>Zanter September 2016 huet d&#8217;Erz\u00e9iungs- a Familljeberodung asbl och eng Antenne zu R\u00e9imech. D&#8217;Entw\u00e9cklung vu Kanner oder Jugendlechen, famili\u00e4r Bez\u00e9iungen oder belaaschtend Evenementer sin heiansdo eng grouss Erausfuerderung, bei deenen een \u00cbnnerst\u00ebtzung brauch. De Fokus vun der asbl l\u00e4it op der \u00cbnnerst\u00ebtzung duerch Erz\u00e9iungs- a Familljeberodung, Berodung vu Koppelen, Therapien a Begleedung vu Kanner, Jugendlechen&#8230;  <a class=\"excerpt-read-more\" href=\"https:\/\/bierger.remich.lu\/lb\/ville-de-remich\/schulwesen\/ezeiungs-a-familjeberodung-asbl\/\" title=\"ReadErz\u00e9iongs- a Familljeberodung asbl\">Read more &raquo;<\/a><\/p>\n","protected":false},"author":4,"featured_media":2164,"parent":1852,"menu_order":21,"comment_status":"closed","ping_status":"closed","template":"","meta":{"_acf_changed":false,"xn-wppe-expiration":[],"xn-wppe-expiration-action":[],"xn-wppe-expiration-prefix":[],"footnotes":"","_links_to":"","_links_to_target":""},"class_list":["post-1930","page","type-page","status-publish","has-post-thumbnail","hentry","keyword-gemeinderatssitzung"],"acf":[],"yoast_head":"<!-- This site is optimized with the Yoast SEO plugin v26.7 - https:\/\/yoast.com\/wordpress\/plugins\/seo\/ -->\n<title>Erz\u00e9iongs- a Familljeberodung asbl - Ville de Remich<\/title>\n<meta name=\"robots\" content=\"index, follow, max-snippet:-1, max-image-preview:large, max-video-preview:-1\" \/>\n<link rel=\"canonical\" href=\"https:\/\/bierger.remich.lu\/de\/ville-de-remich\/schulwesen\/ezeiungs-a-familjeberodung-asbl\/\" \/>\n<meta property=\"og:locale\" content=\"en_US\" \/>\n<meta property=\"og:type\" content=\"article\" \/>\n<meta property=\"og:title\" content=\"Erz\u00e9iongs- a Familljeberodung asbl - Ville de Remich\" \/>\n<meta property=\"og:description\" content=\"Zanter September 2016 huet d&#8217;Erz\u00e9iungs- a Familljeberodung asbl och eng Antenne zu R\u00e9imech. D&#8217;Entw\u00e9cklung vu Kanner oder Jugendlechen, famili\u00e4r Bez\u00e9iungen oder belaaschtend Evenementer sin heiansdo eng grouss Erausfuerderung, bei deenen een \u00cbnnerst\u00ebtzung brauch. De Fokus vun der asbl l\u00e4it op der \u00cbnnerst\u00ebtzung duerch Erz\u00e9iungs- a Familljeberodung, Berodung vu Koppelen, Therapien a Begleedung vu Kanner, Jugendlechen... Read more &raquo;\" \/>\n<meta property=\"og:url\" content=\"https:\/\/bierger.remich.lu\/de\/ville-de-remich\/schulwesen\/ezeiungs-a-familjeberodung-asbl\/\" \/>\n<meta property=\"og:site_name\" content=\"Ville de Remich\" \/>\n<meta property=\"article:modified_time\" content=\"2024-10-03T07:37:08+00:00\" \/>\n<meta property=\"og:image\" content=\"https:\/\/bierger.remich.lu\/wp-content\/uploads\/sites\/3\/2017\/09\/liv-bruce-361674-1024x683.jpg\" \/>\n\t<meta property=\"og:image:width\" content=\"1024\" \/>\n\t<meta property=\"og:image:height\" content=\"683\" \/>\n\t<meta property=\"og:image:type\" content=\"image\/jpeg\" \/>\n<meta name=\"twitter:card\" content=\"summary_large_image\" \/>\n<meta name=\"twitter:label1\" content=\"Est. reading time\" \/>\n\t<meta name=\"twitter:data1\" content=\"5 minutes\" \/>\n<script type=\"application\/ld+json\" class=\"yoast-schema-graph\">{\"@context\":\"https:\/\/schema.org\",\"@graph\":[{\"@type\":\"WebPage\",\"@id\":\"https:\/\/bierger.remich.lu\/de\/ville-de-remich\/schulwesen\/ezeiungs-a-familjeberodung-asbl\/\",\"url\":\"https:\/\/bierger.remich.lu\/de\/ville-de-remich\/schulwesen\/ezeiungs-a-familjeberodung-asbl\/\",\"name\":\"Erz\u00e9iongs- a Familljeberodung asbl - Ville de Remich\",\"isPartOf\":{\"@id\":\"https:\/\/bierger.remich.lu\/de\/#website\"},\"primaryImageOfPage\":{\"@id\":\"https:\/\/bierger.remich.lu\/de\/ville-de-remich\/schulwesen\/ezeiungs-a-familjeberodung-asbl\/#primaryimage\"},\"image\":{\"@id\":\"https:\/\/bierger.remich.lu\/de\/ville-de-remich\/schulwesen\/ezeiungs-a-familjeberodung-asbl\/#primaryimage\"},\"thumbnailUrl\":\"https:\/\/bierger.remich.lu\/wp-content\/uploads\/sites\/3\/2017\/09\/liv-bruce-361674.jpg\",\"datePublished\":\"2017-08-04T09:34:09+00:00\",\"dateModified\":\"2024-10-03T07:37:08+00:00\",\"breadcrumb\":{\"@id\":\"https:\/\/bierger.remich.lu\/de\/ville-de-remich\/schulwesen\/ezeiungs-a-familjeberodung-asbl\/#breadcrumb\"},\"inLanguage\":\"lb-LU\",\"potentialAction\":[{\"@type\":\"ReadAction\",\"target\":[\"https:\/\/bierger.remich.lu\/de\/ville-de-remich\/schulwesen\/ezeiungs-a-familjeberodung-asbl\/\"]}]},{\"@type\":\"ImageObject\",\"inLanguage\":\"lb-LU\",\"@id\":\"https:\/\/bierger.remich.lu\/de\/ville-de-remich\/schulwesen\/ezeiungs-a-familjeberodung-asbl\/#primaryimage\",\"url\":\"https:\/\/bierger.remich.lu\/wp-content\/uploads\/sites\/3\/2017\/09\/liv-bruce-361674.jpg\",\"contentUrl\":\"https:\/\/bierger.remich.lu\/wp-content\/uploads\/sites\/3\/2017\/09\/liv-bruce-361674.jpg\",\"width\":4961,\"height\":3307},{\"@type\":\"BreadcrumbList\",\"@id\":\"https:\/\/bierger.remich.lu\/de\/ville-de-remich\/schulwesen\/ezeiungs-a-familjeberodung-asbl\/#breadcrumb\",\"itemListElement\":[{\"@type\":\"ListItem\",\"position\":1,\"name\":\"Startseite\",\"item\":\"https:\/\/bierger.remich.lu\/de\/\"},{\"@type\":\"ListItem\",\"position\":2,\"name\":\"Stadt Remich\",\"item\":\"https:\/\/bierger.remich.lu\/de\/ville-de-remich\/\"},{\"@type\":\"ListItem\",\"position\":3,\"name\":\"Bildung und Kinder\",\"item\":\"https:\/\/bierger.remich.lu\/de\/ville-de-remich\/schulwesen\/\"},{\"@type\":\"ListItem\",\"position\":4,\"name\":\"Erz\u00e9iongs- a Familljeberodung asbl\"}]},{\"@type\":\"WebSite\",\"@id\":\"https:\/\/bierger.remich.lu\/de\/#website\",\"url\":\"https:\/\/bierger.remich.lu\/de\/\",\"name\":\"Ville de Remich\",\"description\":\"\",\"potentialAction\":[{\"@type\":\"SearchAction\",\"target\":{\"@type\":\"EntryPoint\",\"urlTemplate\":\"https:\/\/bierger.remich.lu\/de\/?s={search_term_string}\"},\"query-input\":{\"@type\":\"PropertyValueSpecification\",\"valueRequired\":true,\"valueName\":\"search_term_string\"}}],\"inLanguage\":\"lb-LU\"}]}<\/script>\n<!-- \/ Yoast SEO plugin. -->","yoast_head_json":{"title":"Erz\u00e9iongs- a Familljeberodung asbl - Ville de Remich","robots":{"index":"index","follow":"follow","max-snippet":"max-snippet:-1","max-image-preview":"max-image-preview:large","max-video-preview":"max-video-preview:-1"},"canonical":"https:\/\/bierger.remich.lu\/de\/ville-de-remich\/schulwesen\/ezeiungs-a-familjeberodung-asbl\/","og_locale":"en_US","og_type":"article","og_title":"Erz\u00e9iongs- a Familljeberodung asbl - Ville de Remich","og_description":"Zanter September 2016 huet d&#8217;Erz\u00e9iungs- a Familljeberodung asbl och eng Antenne zu R\u00e9imech. D&#8217;Entw\u00e9cklung vu Kanner oder Jugendlechen, famili\u00e4r Bez\u00e9iungen oder belaaschtend Evenementer sin heiansdo eng grouss Erausfuerderung, bei deenen een \u00cbnnerst\u00ebtzung brauch. De Fokus vun der asbl l\u00e4it op der \u00cbnnerst\u00ebtzung duerch Erz\u00e9iungs- a Familljeberodung, Berodung vu Koppelen, Therapien a Begleedung vu Kanner, Jugendlechen... Read more &raquo;","og_url":"https:\/\/bierger.remich.lu\/de\/ville-de-remich\/schulwesen\/ezeiungs-a-familjeberodung-asbl\/","og_site_name":"Ville de Remich","article_modified_time":"2024-10-03T07:37:08+00:00","og_image":[{"width":1024,"height":683,"url":"https:\/\/bierger.remich.lu\/wp-content\/uploads\/sites\/3\/2017\/09\/liv-bruce-361674-1024x683.jpg","type":"image\/jpeg"}],"twitter_card":"summary_large_image","twitter_misc":{"Est. reading time":"5 minutes"},"schema":{"@context":"https:\/\/schema.org","@graph":[{"@type":"WebPage","@id":"https:\/\/bierger.remich.lu\/de\/ville-de-remich\/schulwesen\/ezeiungs-a-familjeberodung-asbl\/","url":"https:\/\/bierger.remich.lu\/de\/ville-de-remich\/schulwesen\/ezeiungs-a-familjeberodung-asbl\/","name":"Erz\u00e9iongs- a Familljeberodung asbl - Ville de Remich","isPartOf":{"@id":"https:\/\/bierger.remich.lu\/de\/#website"},"primaryImageOfPage":{"@id":"https:\/\/bierger.remich.lu\/de\/ville-de-remich\/schulwesen\/ezeiungs-a-familjeberodung-asbl\/#primaryimage"},"image":{"@id":"https:\/\/bierger.remich.lu\/de\/ville-de-remich\/schulwesen\/ezeiungs-a-familjeberodung-asbl\/#primaryimage"},"thumbnailUrl":"https:\/\/bierger.remich.lu\/wp-content\/uploads\/sites\/3\/2017\/09\/liv-bruce-361674.jpg","datePublished":"2017-08-04T09:34:09+00:00","dateModified":"2024-10-03T07:37:08+00:00","breadcrumb":{"@id":"https:\/\/bierger.remich.lu\/de\/ville-de-remich\/schulwesen\/ezeiungs-a-familjeberodung-asbl\/#breadcrumb"},"inLanguage":"lb-LU","potentialAction":[{"@type":"ReadAction","target":["https:\/\/bierger.remich.lu\/de\/ville-de-remich\/schulwesen\/ezeiungs-a-familjeberodung-asbl\/"]}]},{"@type":"ImageObject","inLanguage":"lb-LU","@id":"https:\/\/bierger.remich.lu\/de\/ville-de-remich\/schulwesen\/ezeiungs-a-familjeberodung-asbl\/#primaryimage","url":"https:\/\/bierger.remich.lu\/wp-content\/uploads\/sites\/3\/2017\/09\/liv-bruce-361674.jpg","contentUrl":"https:\/\/bierger.remich.lu\/wp-content\/uploads\/sites\/3\/2017\/09\/liv-bruce-361674.jpg","width":4961,"height":3307},{"@type":"BreadcrumbList","@id":"https:\/\/bierger.remich.lu\/de\/ville-de-remich\/schulwesen\/ezeiungs-a-familjeberodung-asbl\/#breadcrumb","itemListElement":[{"@type":"ListItem","position":1,"name":"Startseite","item":"https:\/\/bierger.remich.lu\/de\/"},{"@type":"ListItem","position":2,"name":"Stadt Remich","item":"https:\/\/bierger.remich.lu\/de\/ville-de-remich\/"},{"@type":"ListItem","position":3,"name":"Bildung und Kinder","item":"https:\/\/bierger.remich.lu\/de\/ville-de-remich\/schulwesen\/"},{"@type":"ListItem","position":4,"name":"Erz\u00e9iongs- a Familljeberodung asbl"}]},{"@type":"WebSite","@id":"https:\/\/bierger.remich.lu\/de\/#website","url":"https:\/\/bierger.remich.lu\/de\/","name":"Ville de Remich","description":"","potentialAction":[{"@type":"SearchAction","target":{"@type":"EntryPoint","urlTemplate":"https:\/\/bierger.remich.lu\/de\/?s={search_term_string}"},"query-input":{"@type":"PropertyValueSpecification","valueRequired":true,"valueName":"search_term_string"}}],"inLanguage":"lb-LU"}]}},"_links":{"self":[{"href":"https:\/\/bierger.remich.lu\/lb\/wp-json\/wp\/v2\/pages\/1930","targetHints":{"allow":["GET"]}}],"collection":[{"href":"https:\/\/bierger.remich.lu\/lb\/wp-json\/wp\/v2\/pages"}],"about":[{"href":"https:\/\/bierger.remich.lu\/lb\/wp-json\/wp\/v2\/types\/page"}],"author":[{"embeddable":true,"href":"https:\/\/bierger.remich.lu\/lb\/wp-json\/wp\/v2\/users\/4"}],"replies":[{"embeddable":true,"href":"https:\/\/bierger.remich.lu\/lb\/wp-json\/wp\/v2\/comments?post=1930"}],"version-history":[{"count":11,"href":"https:\/\/bierger.remich.lu\/lb\/wp-json\/wp\/v2\/pages\/1930\/revisions"}],"predecessor-version":[{"id":14898,"href":"https:\/\/bierger.remich.lu\/lb\/wp-json\/wp\/v2\/pages\/1930\/revisions\/14898"}],"up":[{"embeddable":true,"href":"https:\/\/bierger.remich.lu\/lb\/wp-json\/wp\/v2\/pages\/1852"}],"wp:featuredmedia":[{"embeddable":true,"href":"https:\/\/bierger.remich.lu\/lb\/wp-json\/wp\/v2\/media\/2164"}],"wp:attachment":[{"href":"https:\/\/bierger.remich.lu\/lb\/wp-json\/wp\/v2\/media?parent=1930"}],"curies":[{"name":"wp","href":"https:\/\/api.w.org\/{rel}","templated":true}]}}