{"id":1972,"date":"2017-08-17T09:47:31","date_gmt":"2017-08-17T08:47:31","guid":{"rendered":"http:\/\/reimech.lu\/?page_id=1972"},"modified":"2025-10-21T16:31:32","modified_gmt":"2025-10-21T14:31:32","slug":"hochwasser-der-mosel","status":"publish","type":"page","link":"https:\/\/bierger.remich.lu\/lb\/ville-de-remich\/hochwasser-der-mosel\/","title":{"rendered":"H\u00e9ichwaasser"},"content":{"rendered":"<h4>Infoen iwwert d&#8217;Peegelst\u00e4nn vun der Musel fannt Dir hei:<\/h4>\n<ul>\n<li><span style=\"color: #000000\">Peegel R\u00e9imech:<\/span>\n<ul>\n<li><span style=\"color: #000000\">D&#8217;ganz Joer iwwer: (+352) 26 66 09 18<\/span><\/li>\n<li><span style=\"color: #000000\"><strong>Bei H\u00e9ichwaasser<\/strong>: (+352) 90 07 18 26<\/span><\/li>\n<\/ul>\n<\/li>\n<li><span style=\"color: #000000\">All d&#8217;Infoen fannt Dir och op der Internets\u00e4it vum <a style=\"color: #000000\" href=\"https:\/\/www.inondations.lu\/?lang=de\">Waasserwirtschaftsamt<\/a><\/span><\/li>\n<\/ul>\n<h4>Referenzw\u00e4erter bei H\u00e9ichwaasser zu R\u00e9imech:<\/h4>\n<ul>\n<li><span style=\"color: #ff6600\">450 cm Ufank vun der Phase de vigilance<br \/>\n<\/span><\/li>\n<li>ca 460 | Iwwerschw\u00e4mmung Parking du Port (\u00ebnnert der Br\u00e9ck)<\/li>\n<li>495 cm | Kr\u00e4izung Gare Routi\u00e8re<\/li>\n<li>518 cm | Rue du Pont \/ Esplanade<\/li>\n<li>535 cm | Rue de Macher \/ Rue du Camping<\/li>\n<li>550 cm | Rue de l&#8217;Hospice \/ Rue de Macher<\/li>\n<li>555 cm | Rue de Macher \/ Rue Neuve<\/li>\n<li>575 cm | Rue de Macher (al Apdikt)<\/li>\n<li>625 cm | Kr\u00e4izung Maatebierg \/ Route de Stadtbredimus<\/li>\n<li>650 cm | 15, place du March\u00e9<\/li>\n<\/ul>\n<img loading=\"lazy\" decoding=\"async\" class=\"alignnone wp-image-7640 size-large\" src=\"http:\/\/bierger.remich.lu\/wp-content\/uploads\/sites\/3\/2021\/07\/Crue-echelle.001-1024x768.jpeg\" alt=\"\" width=\"1024\" height=\"768\" srcset=\"https:\/\/bierger.remich.lu\/wp-content\/uploads\/sites\/3\/2021\/07\/Crue-echelle.001.jpeg 1024w, https:\/\/bierger.remich.lu\/wp-content\/uploads\/sites\/3\/2021\/07\/Crue-echelle.001-300x225.jpeg 300w\" sizes=\"auto, (max-width: 1024px) 100vw, 1024px\" \/>\n<h4><strong>Fir d\u2019Haushalter, d\u00e9i am potentiellen H\u00e9ichwaassergebitt leien:<\/strong><\/h4>\n<ul>\n<li>All Haushalt sollt Gummistiwwelen, resp. F\u00ebscherboxe \ufb01r den Noutfall hunn.<\/li>\n<li>Vun engem gew\u00ebssene Peegelstand u \ufb01ert e\u00a0Waasser-Taxi. D\u00ebse kann dann \u00ebnnert der Nummer 621 888 111 (<em>d\u2019Nummer ass just ab engem gew\u00ebssene Peegelstand aktiv<\/em>) t\u00ebscht 6 an 22 Auer bestallt ginn. Ausserhalb vun deenen Z\u00e4iten muss den 112 geruff ginn.<\/li>\n<\/ul>\n<h4>Informatiounen \u00ebffentlechen Transport:<\/h4>\n<p>Bei H\u00e9ichwaasser mat Sp\u00e4rung vun der Haaptstrooss \/ Kr\u00e4izung Place du March\u00e9-Route du Vin ginn d&#8217;Arr\u00eate vun der Gare Routi\u00e8re net ugefuer:<\/p>\n<ul>\n<li>Fir Richtung Gr\u00e9iwemaacher ze fuere muss Dir den Arr\u00eat &#8220;Maatebierg&#8221; huelen<\/li>\n<li>Fir Richtung Stad oder Schengener Lyc\u00e9e muss dir den Arr\u00eat &#8220;Place Nico Klopp&#8221; benotzen<\/li>\n<li>Informatiounen iwwer de Schoultransport vun der Grondschoul fannt Dir am Schoulbuet oder dir k\u00ebnnt Iech beim Schoulservice (servicescolaire@remich.lu) inform\u00e9ieren.<\/li>\n<\/ul>\n<p>&nbsp;","protected":false},"excerpt":{"rendered":"<p>Infoen iwwert d&#8217;Peegelst\u00e4nn vun der Musel fannt Dir hei: Peegel R\u00e9imech: D&#8217;ganz Joer iwwer: (+352) 26 66 09 18 Bei H\u00e9ichwaasser: (+352) 90 07 18 26 All d&#8217;Infoen fannt Dir och op der Internets\u00e4it vum Waasserwirtschaftsamt Referenzw\u00e4erter bei H\u00e9ichwaasser zu R\u00e9imech: 450 cm Ufank vun der Phase de vigilance ca 460 | Iwwerschw\u00e4mmung Parking du&#8230;  <a class=\"excerpt-read-more\" href=\"https:\/\/bierger.remich.lu\/lb\/ville-de-remich\/hochwasser-der-mosel\/\" title=\"ReadH\u00e9ichwaasser\">Read more &raquo;<\/a><\/p>\n","protected":false},"author":4,"featured_media":2020,"parent":13,"menu_order":2,"comment_status":"closed","ping_status":"closed","template":"","meta":{"_acf_changed":false,"xn-wppe-expiration":[],"xn-wppe-expiration-action":[],"xn-wppe-expiration-prefix":[],"footnotes":"","_links_to":"","_links_to_target":""},"class_list":["post-1972","page","type-page","status-publish","has-post-thumbnail","hentry","keyword-eau"],"acf":[],"yoast_head":"<!-- This site is optimized with the Yoast SEO plugin v26.7 - https:\/\/yoast.com\/wordpress\/plugins\/seo\/ -->\n<title>H\u00e9ichwaasser - Ville de Remich<\/title>\n<meta name=\"robots\" content=\"index, follow, max-snippet:-1, max-image-preview:large, max-video-preview:-1\" \/>\n<link rel=\"canonical\" href=\"https:\/\/bierger.remich.lu\/ville-de-remich\/hochwasser-der-mosel\/\" \/>\n<meta property=\"og:locale\" content=\"en_US\" \/>\n<meta property=\"og:type\" content=\"article\" \/>\n<meta property=\"og:title\" content=\"H\u00e9ichwaasser - Ville de Remich\" \/>\n<meta property=\"og:description\" content=\"Infoen iwwert d&#8217;Peegelst\u00e4nn vun der Musel fannt Dir hei: Peegel R\u00e9imech: D&#8217;ganz Joer iwwer: (+352) 26 66 09 18 Bei H\u00e9ichwaasser: (+352) 90 07 18 26 All d&#8217;Infoen fannt Dir och op der Internets\u00e4it vum Waasserwirtschaftsamt Referenzw\u00e4erter bei H\u00e9ichwaasser zu R\u00e9imech: 450 cm Ufank vun der Phase de vigilance ca 460 | Iwwerschw\u00e4mmung Parking du... Read more &raquo;\" \/>\n<meta property=\"og:url\" content=\"https:\/\/bierger.remich.lu\/ville-de-remich\/hochwasser-der-mosel\/\" \/>\n<meta property=\"og:site_name\" content=\"Ville de Remich\" \/>\n<meta property=\"article:modified_time\" content=\"2025-10-21T14:31:32+00:00\" \/>\n<meta property=\"og:image\" content=\"https:\/\/bierger.remich.lu\/wp-content\/uploads\/sites\/3\/2017\/08\/Photo_-6-e1505204289297.jpg\" \/>\n\t<meta property=\"og:image:width\" content=\"2365\" \/>\n\t<meta property=\"og:image:height\" content=\"3766\" \/>\n\t<meta property=\"og:image:type\" content=\"image\/jpeg\" \/>\n<meta name=\"twitter:card\" content=\"summary_large_image\" \/>\n<meta name=\"twitter:label1\" content=\"Est. reading time\" \/>\n\t<meta name=\"twitter:data1\" content=\"5 minutes\" \/>\n<script type=\"application\/ld+json\" class=\"yoast-schema-graph\">{\"@context\":\"https:\/\/schema.org\",\"@graph\":[{\"@type\":\"WebPage\",\"@id\":\"https:\/\/bierger.remich.lu\/ville-de-remich\/hochwasser-der-mosel\/\",\"url\":\"https:\/\/bierger.remich.lu\/ville-de-remich\/hochwasser-der-mosel\/\",\"name\":\"H\u00e9ichwaasser - Ville de Remich\",\"isPartOf\":{\"@id\":\"https:\/\/bierger.remich.lu\/de\/#website\"},\"primaryImageOfPage\":{\"@id\":\"https:\/\/bierger.remich.lu\/ville-de-remich\/hochwasser-der-mosel\/#primaryimage\"},\"image\":{\"@id\":\"https:\/\/bierger.remich.lu\/ville-de-remich\/hochwasser-der-mosel\/#primaryimage\"},\"thumbnailUrl\":\"https:\/\/bierger.remich.lu\/wp-content\/uploads\/sites\/3\/2017\/08\/Photo_-6-e1505204289297.jpg\",\"datePublished\":\"2017-08-17T08:47:31+00:00\",\"dateModified\":\"2025-10-21T14:31:32+00:00\",\"breadcrumb\":{\"@id\":\"https:\/\/bierger.remich.lu\/ville-de-remich\/hochwasser-der-mosel\/#breadcrumb\"},\"inLanguage\":\"lb-LU\",\"potentialAction\":[{\"@type\":\"ReadAction\",\"target\":[\"https:\/\/bierger.remich.lu\/ville-de-remich\/hochwasser-der-mosel\/\"]}]},{\"@type\":\"ImageObject\",\"inLanguage\":\"lb-LU\",\"@id\":\"https:\/\/bierger.remich.lu\/ville-de-remich\/hochwasser-der-mosel\/#primaryimage\",\"url\":\"https:\/\/bierger.remich.lu\/wp-content\/uploads\/sites\/3\/2017\/08\/Photo_-6-e1505204289297.jpg\",\"contentUrl\":\"https:\/\/bierger.remich.lu\/wp-content\/uploads\/sites\/3\/2017\/08\/Photo_-6-e1505204289297.jpg\",\"width\":2365,\"height\":3766},{\"@type\":\"BreadcrumbList\",\"@id\":\"https:\/\/bierger.remich.lu\/ville-de-remich\/hochwasser-der-mosel\/#breadcrumb\",\"itemListElement\":[{\"@type\":\"ListItem\",\"position\":1,\"name\":\"Startseite\",\"item\":\"https:\/\/bierger.remich.lu\/de\/\"},{\"@type\":\"ListItem\",\"position\":2,\"name\":\"Stadt Remich\",\"item\":\"https:\/\/bierger.remich.lu\/de\/ville-de-remich\/\"},{\"@type\":\"ListItem\",\"position\":3,\"name\":\"[:lb]H\u00e9ichwaasser[:fr]Crue de la Moselle[:de]Hochwasser der Mosel[:en]Flooding[:]\"}]},{\"@type\":\"WebSite\",\"@id\":\"https:\/\/bierger.remich.lu\/de\/#website\",\"url\":\"https:\/\/bierger.remich.lu\/de\/\",\"name\":\"Ville de Remich\",\"description\":\"\",\"potentialAction\":[{\"@type\":\"SearchAction\",\"target\":{\"@type\":\"EntryPoint\",\"urlTemplate\":\"https:\/\/bierger.remich.lu\/de\/?s={search_term_string}\"},\"query-input\":{\"@type\":\"PropertyValueSpecification\",\"valueRequired\":true,\"valueName\":\"search_term_string\"}}],\"inLanguage\":\"lb-LU\"}]}<\/script>\n<!-- \/ Yoast SEO plugin. -->","yoast_head_json":{"title":"H\u00e9ichwaasser - Ville de Remich","robots":{"index":"index","follow":"follow","max-snippet":"max-snippet:-1","max-image-preview":"max-image-preview:large","max-video-preview":"max-video-preview:-1"},"canonical":"https:\/\/bierger.remich.lu\/ville-de-remich\/hochwasser-der-mosel\/","og_locale":"en_US","og_type":"article","og_title":"H\u00e9ichwaasser - Ville de Remich","og_description":"Infoen iwwert d&#8217;Peegelst\u00e4nn vun der Musel fannt Dir hei: Peegel R\u00e9imech: D&#8217;ganz Joer iwwer: (+352) 26 66 09 18 Bei H\u00e9ichwaasser: (+352) 90 07 18 26 All d&#8217;Infoen fannt Dir och op der Internets\u00e4it vum Waasserwirtschaftsamt Referenzw\u00e4erter bei H\u00e9ichwaasser zu R\u00e9imech: 450 cm Ufank vun der Phase de vigilance ca 460 | Iwwerschw\u00e4mmung Parking du... Read more &raquo;","og_url":"https:\/\/bierger.remich.lu\/ville-de-remich\/hochwasser-der-mosel\/","og_site_name":"Ville de Remich","article_modified_time":"2025-10-21T14:31:32+00:00","og_image":[{"width":2365,"height":3766,"url":"https:\/\/bierger.remich.lu\/wp-content\/uploads\/sites\/3\/2017\/08\/Photo_-6-e1505204289297.jpg","type":"image\/jpeg"}],"twitter_card":"summary_large_image","twitter_misc":{"Est. reading time":"5 minutes"},"schema":{"@context":"https:\/\/schema.org","@graph":[{"@type":"WebPage","@id":"https:\/\/bierger.remich.lu\/ville-de-remich\/hochwasser-der-mosel\/","url":"https:\/\/bierger.remich.lu\/ville-de-remich\/hochwasser-der-mosel\/","name":"H\u00e9ichwaasser - Ville de Remich","isPartOf":{"@id":"https:\/\/bierger.remich.lu\/de\/#website"},"primaryImageOfPage":{"@id":"https:\/\/bierger.remich.lu\/ville-de-remich\/hochwasser-der-mosel\/#primaryimage"},"image":{"@id":"https:\/\/bierger.remich.lu\/ville-de-remich\/hochwasser-der-mosel\/#primaryimage"},"thumbnailUrl":"https:\/\/bierger.remich.lu\/wp-content\/uploads\/sites\/3\/2017\/08\/Photo_-6-e1505204289297.jpg","datePublished":"2017-08-17T08:47:31+00:00","dateModified":"2025-10-21T14:31:32+00:00","breadcrumb":{"@id":"https:\/\/bierger.remich.lu\/ville-de-remich\/hochwasser-der-mosel\/#breadcrumb"},"inLanguage":"lb-LU","potentialAction":[{"@type":"ReadAction","target":["https:\/\/bierger.remich.lu\/ville-de-remich\/hochwasser-der-mosel\/"]}]},{"@type":"ImageObject","inLanguage":"lb-LU","@id":"https:\/\/bierger.remich.lu\/ville-de-remich\/hochwasser-der-mosel\/#primaryimage","url":"https:\/\/bierger.remich.lu\/wp-content\/uploads\/sites\/3\/2017\/08\/Photo_-6-e1505204289297.jpg","contentUrl":"https:\/\/bierger.remich.lu\/wp-content\/uploads\/sites\/3\/2017\/08\/Photo_-6-e1505204289297.jpg","width":2365,"height":3766},{"@type":"BreadcrumbList","@id":"https:\/\/bierger.remich.lu\/ville-de-remich\/hochwasser-der-mosel\/#breadcrumb","itemListElement":[{"@type":"ListItem","position":1,"name":"Startseite","item":"https:\/\/bierger.remich.lu\/de\/"},{"@type":"ListItem","position":2,"name":"Stadt Remich","item":"https:\/\/bierger.remich.lu\/de\/ville-de-remich\/"},{"@type":"ListItem","position":3,"name":"[:lb]H\u00e9ichwaasser[:fr]Crue de la Moselle[:de]Hochwasser der Mosel[:en]Flooding[:]"}]},{"@type":"WebSite","@id":"https:\/\/bierger.remich.lu\/de\/#website","url":"https:\/\/bierger.remich.lu\/de\/","name":"Ville de Remich","description":"","potentialAction":[{"@type":"SearchAction","target":{"@type":"EntryPoint","urlTemplate":"https:\/\/bierger.remich.lu\/de\/?s={search_term_string}"},"query-input":{"@type":"PropertyValueSpecification","valueRequired":true,"valueName":"search_term_string"}}],"inLanguage":"lb-LU"}]}},"_links":{"self":[{"href":"https:\/\/bierger.remich.lu\/lb\/wp-json\/wp\/v2\/pages\/1972","targetHints":{"allow":["GET"]}}],"collection":[{"href":"https:\/\/bierger.remich.lu\/lb\/wp-json\/wp\/v2\/pages"}],"about":[{"href":"https:\/\/bierger.remich.lu\/lb\/wp-json\/wp\/v2\/types\/page"}],"author":[{"embeddable":true,"href":"https:\/\/bierger.remich.lu\/lb\/wp-json\/wp\/v2\/users\/4"}],"replies":[{"embeddable":true,"href":"https:\/\/bierger.remich.lu\/lb\/wp-json\/wp\/v2\/comments?post=1972"}],"version-history":[{"count":22,"href":"https:\/\/bierger.remich.lu\/lb\/wp-json\/wp\/v2\/pages\/1972\/revisions"}],"predecessor-version":[{"id":15585,"href":"https:\/\/bierger.remich.lu\/lb\/wp-json\/wp\/v2\/pages\/1972\/revisions\/15585"}],"up":[{"embeddable":true,"href":"https:\/\/bierger.remich.lu\/lb\/wp-json\/wp\/v2\/pages\/13"}],"wp:featuredmedia":[{"embeddable":true,"href":"https:\/\/bierger.remich.lu\/lb\/wp-json\/wp\/v2\/media\/2020"}],"wp:attachment":[{"href":"https:\/\/bierger.remich.lu\/lb\/wp-json\/wp\/v2\/media?parent=1972"}],"curies":[{"name":"wp","href":"https:\/\/api.w.org\/{rel}","templated":true}]}}