{"id":2165,"date":"2017-09-15T14:24:09","date_gmt":"2017-09-15T13:24:09","guid":{"rendered":"http:\/\/reimech.lu\/?page_id=2165"},"modified":"2024-10-02T17:26:15","modified_gmt":"2024-10-02T15:26:15","slug":"musikschule","status":"publish","type":"page","link":"https:\/\/bierger.remich.lu\/lb\/ville-de-remich\/schulwesen\/musikschule\/","title":{"rendered":"Museksschoul"},"content":{"rendered":"<h1>Regional Museksschoul Munneref<\/h1>\n<p>Zanter dem Schouljoer 2022\/2023 g\u00eblle folgend Taxe fir d&#8217;Musekscoursen:<\/p>\n<ul>\n<li>gratis fir all Coursen a\u00a0Niveaue fir Sch\u00fcler d\u00e9i den 1. September vum Schouljoer 25 Joer oder manner hunn<\/li>\n<li>Minerval vun 100 \u20ac pro Schouljoer a Cours fir all d&#8217;Coursen a\u00a0Niveaue fir Sch\u00fcler d\u00e9i den 1. September vum Schouljoer 26 Joer oder m\u00e9i hunn<\/li>\n<li>Course fir Orchesterformatioun (Instrumentalensembel) si gratis<\/li>\n<li>no 3 Woche Cours muss d\u00e9i komplett Taxe bezuelt ginn, och wann de Cours fr\u00e9iz\u00e4iteg ofgebrach g\u00ebtt<\/li>\n<li>d&#8217;Umeldunge\u00a0ginn online iwwert d\u00e9i offiziell Internets\u00e4it vun der Museksschoul Munneref gemaach.<\/li>\n<\/ul>\n<h1>Regional Museksschoul Sydrall<\/h1>\n<p>Zanter dem Schouljoer 2022\/2023 g\u00eblle foglend Taxe:<\/p>\n<p><strong>Artikel 1: Umeldegeb\u00fchr<\/strong><\/p>\n<p><u>Kollektivcoursen<\/u><\/p>\n<table>\n<tbody>\n<tr>\n<td width=\"349\"><\/td>\n<td width=\"132\">Kanner (Studenten)<\/td>\n<td width=\"141\">Erwuessener<\/td>\n<\/tr>\n<tr>\n<td width=\"349\">Musikalesch Fr\u00e9ierz\u00e9iung<\/td>\n<td width=\"132\">Gratis<\/td>\n<td width=\"141\">\/<\/td>\n<\/tr>\n<tr>\n<td width=\"349\">Musikalesch Ausbildung (1-4)<\/td>\n<td width=\"132\">Gratis<\/td>\n<td width=\"141\">100 \u20ac<\/td>\n<\/tr>\n<tr>\n<td width=\"349\">Musikalesch Ausbildung (5-6)<\/td>\n<td width=\"132\">50 \u20ac<\/td>\n<td width=\"141\">100 \u20ac<\/td>\n<\/tr>\n<tr>\n<td width=\"349\">Chouergesang<\/td>\n<td width=\"132\">Gratis<\/td>\n<td width=\"141\">100 \u20ac<\/td>\n<\/tr>\n<tr>\n<td width=\"349\">Kammermusek<\/td>\n<td width=\"132\">75 \u20ac<\/td>\n<td width=\"141\">100 \u20ac<\/td>\n<\/tr>\n<tr>\n<td width=\"349\">Instrumentalensembel \/ Perkussioun<\/td>\n<td width=\"132\">75 \u20ac<\/td>\n<td width=\"141\">100 \u20ac<\/td>\n<\/tr>\n<tr>\n<td width=\"349\">Instrumentalensembel \/ Instrumentalensembel Avanc\u00e9s<\/td>\n<td width=\"132\">Gratis<\/td>\n<td width=\"141\">Gratis<\/td>\n<\/tr>\n<\/tbody>\n<\/table>\n<p><u>Eenzelcoursen<\/u> (Instrumenter, klassesche Gesang, Gesang fir Musicals)<\/p>\n<table>\n<tbody>\n<tr>\n<td width=\"349\"><\/td>\n<td width=\"132\">Kanner (Studenten)<\/td>\n<td width=\"141\">Erwuessener<\/td>\n<\/tr>\n<tr>\n<td width=\"349\">Instrumental Fr\u00e9ierz\u00e9iung<\/td>\n<td width=\"132\">Gratis<\/td>\n<td width=\"141\">\/<\/td>\n<\/tr>\n<tr>\n<td width=\"349\">\u00cbnneschte Niveau (1-2)<\/td>\n<td width=\"132\">Gratis<\/td>\n<td width=\"141\">100 \u20ac<\/td>\n<\/tr>\n<tr>\n<td width=\"349\">\u00cbnneschte Niveau (3-4)<\/td>\n<td width=\"132\">75 \u20ac<\/td>\n<td width=\"141\">100 \u20ac<\/td>\n<\/tr>\n<tr>\n<td width=\"349\">M\u00ebttelniveau<\/td>\n<td width=\"132\">75 \u20ac<\/td>\n<td width=\"141\">100 \u20ac<\/td>\n<\/tr>\n<tr>\n<td width=\"349\">Erwuessenenausbildung (\u00c9ischtausbildung, Weiderbildung)<\/td>\n<td width=\"132\">\/<\/td>\n<td width=\"141\">100 \u20ac<\/td>\n<\/tr>\n<\/tbody>\n<\/table>\n<p><strong>Artikel 2:<\/strong><\/p>\n<p>Als erwuesse g\u00ebllt all Persoun, d\u00e9i den 1. September vum betraffene Schouljoer vollj\u00e4reg ass.<\/p>\n<p><strong>Artikel 3:<\/strong><\/p>\n<p>Persounen, d\u00e9i net zu R\u00e9imech\u00a0wunne ginn akzept\u00e9iert:<\/p>\n<ul>\n<li>wann\u00a0se oder hir Elteren zanter mindestens 2 Joer aktive Member an engem\u00a0Museksver\u00e4i vun der Stad R\u00e9imech sin,<\/li>\n<li>wann se zu R\u00e9imech an der Grondschoul sinn,<\/li>\n<li>wann se\u00a0schonn ageschriwwe waren.<\/li>\n<\/ul>\n<p>Aner Persounen, d\u00e9i hire Wunns\u00ebtz net zu R\u00e9imech hunn,\u00a0ginn net ugeholl.<\/p>\n<p><strong>Artikel 4:<\/strong><\/p>\n<p>Bei all Cours dee net gratis ass muss 1\/3 vun der Taxe bezuelt ginn och wann d&#8217;Persoun guer net um Cours\u00a0deelh\u00eblt oder sech am Laf vum 1. Trimester\u00a0entscheet de Cours ofzebriechen.<\/p>\n<p>Wann de Cours nom 1. Trimester ofgebrach g\u00ebtt, muss d\u00e9i komplett Taxe bezuelt ginn.<\/p>\n<p><strong>Artikel 5: Locatioun a Fl\u00e9cke vun den Instrumenter<\/strong><\/p>\n<p>Locatioun vun engem Holz- oder Blosinstrument: 100 \u20ac &#8211; um Ufank vum Schouljoer ze bezuelen, Opbereedung a Fl\u00e9cke vum Instrument bei normaler Notzung abegraff.<\/p>\n<p><strong>Artikel 6:<\/strong><\/p>\n<p>All aner Reglementer iwwer Taxe fir d&#8217;Museksschoul si mat d\u00ebsem Reglement opgehuewen.","protected":false},"excerpt":{"rendered":"<p>Regional Museksschoul Munneref Zanter dem Schouljoer 2022\/2023 g\u00eblle folgend Taxe fir d&#8217;Musekscoursen: gratis fir all Coursen a\u00a0Niveaue fir Sch\u00fcler d\u00e9i den 1. September vum Schouljoer 25 Joer oder manner hunn Minerval vun 100 \u20ac pro Schouljoer a Cours fir all d&#8217;Coursen a\u00a0Niveaue fir Sch\u00fcler d\u00e9i den 1. September vum Schouljoer 26 Joer oder m\u00e9i hunn&#8230;  <a class=\"excerpt-read-more\" href=\"https:\/\/bierger.remich.lu\/lb\/ville-de-remich\/schulwesen\/musikschule\/\" title=\"ReadMuseksschoul\">Read more &raquo;<\/a><\/p>\n","protected":false},"author":4,"featured_media":2168,"parent":1852,"menu_order":18,"comment_status":"closed","ping_status":"closed","template":"","meta":{"_acf_changed":false,"xn-wppe-expiration":[],"xn-wppe-expiration-action":[],"xn-wppe-expiration-prefix":[],"footnotes":"","_links_to":"","_links_to_target":""},"class_list":["post-2165","page","type-page","status-publish","has-post-thumbnail","hentry","keyword-formulare","keyword-einwohner","keyword-tourismus"],"acf":[],"yoast_head":"<!-- This site is optimized with the Yoast SEO plugin v26.7 - https:\/\/yoast.com\/wordpress\/plugins\/seo\/ -->\n<title>Museksschoul - Ville de Remich<\/title>\n<meta name=\"robots\" content=\"index, follow, max-snippet:-1, max-image-preview:large, max-video-preview:-1\" \/>\n<link rel=\"canonical\" href=\"https:\/\/bierger.remich.lu\/de\/ville-de-remich\/schulwesen\/musikschule\/\" \/>\n<meta property=\"og:locale\" content=\"en_US\" \/>\n<meta property=\"og:type\" content=\"article\" \/>\n<meta property=\"og:title\" content=\"Museksschoul - Ville de Remich\" \/>\n<meta property=\"og:description\" content=\"Regional Museksschoul Munneref Zanter dem Schouljoer 2022\/2023 g\u00eblle folgend Taxe fir d&#8217;Musekscoursen: gratis fir all Coursen a\u00a0Niveaue fir Sch\u00fcler d\u00e9i den 1. September vum Schouljoer 25 Joer oder manner hunn Minerval vun 100 \u20ac pro Schouljoer a Cours fir all d&#8217;Coursen a\u00a0Niveaue fir Sch\u00fcler d\u00e9i den 1. September vum Schouljoer 26 Joer oder m\u00e9i hunn... Read more &raquo;\" \/>\n<meta property=\"og:url\" content=\"https:\/\/bierger.remich.lu\/de\/ville-de-remich\/schulwesen\/musikschule\/\" \/>\n<meta property=\"og:site_name\" content=\"Ville de Remich\" \/>\n<meta property=\"article:modified_time\" content=\"2024-10-02T15:26:15+00:00\" \/>\n<meta property=\"og:image\" content=\"https:\/\/bierger.remich.lu\/wp-content\/uploads\/sites\/3\/2017\/09\/jordan-mixson-372435.jpg\" \/>\n\t<meta property=\"og:image:width\" content=\"1536\" \/>\n\t<meta property=\"og:image:height\" content=\"2048\" \/>\n\t<meta property=\"og:image:type\" content=\"image\/jpeg\" \/>\n<meta name=\"twitter:card\" content=\"summary_large_image\" \/>\n<meta name=\"twitter:label1\" content=\"Est. reading time\" \/>\n\t<meta name=\"twitter:data1\" content=\"8 minutes\" \/>\n<script type=\"application\/ld+json\" class=\"yoast-schema-graph\">{\"@context\":\"https:\/\/schema.org\",\"@graph\":[{\"@type\":\"WebPage\",\"@id\":\"https:\/\/bierger.remich.lu\/de\/ville-de-remich\/schulwesen\/musikschule\/\",\"url\":\"https:\/\/bierger.remich.lu\/de\/ville-de-remich\/schulwesen\/musikschule\/\",\"name\":\"Museksschoul - Ville de Remich\",\"isPartOf\":{\"@id\":\"https:\/\/bierger.remich.lu\/de\/#website\"},\"primaryImageOfPage\":{\"@id\":\"https:\/\/bierger.remich.lu\/de\/ville-de-remich\/schulwesen\/musikschule\/#primaryimage\"},\"image\":{\"@id\":\"https:\/\/bierger.remich.lu\/de\/ville-de-remich\/schulwesen\/musikschule\/#primaryimage\"},\"thumbnailUrl\":\"https:\/\/bierger.remich.lu\/wp-content\/uploads\/sites\/3\/2017\/09\/jordan-mixson-372435.jpg\",\"datePublished\":\"2017-09-15T13:24:09+00:00\",\"dateModified\":\"2024-10-02T15:26:15+00:00\",\"breadcrumb\":{\"@id\":\"https:\/\/bierger.remich.lu\/de\/ville-de-remich\/schulwesen\/musikschule\/#breadcrumb\"},\"inLanguage\":\"lb-LU\",\"potentialAction\":[{\"@type\":\"ReadAction\",\"target\":[\"https:\/\/bierger.remich.lu\/de\/ville-de-remich\/schulwesen\/musikschule\/\"]}]},{\"@type\":\"ImageObject\",\"inLanguage\":\"lb-LU\",\"@id\":\"https:\/\/bierger.remich.lu\/de\/ville-de-remich\/schulwesen\/musikschule\/#primaryimage\",\"url\":\"https:\/\/bierger.remich.lu\/wp-content\/uploads\/sites\/3\/2017\/09\/jordan-mixson-372435.jpg\",\"contentUrl\":\"https:\/\/bierger.remich.lu\/wp-content\/uploads\/sites\/3\/2017\/09\/jordan-mixson-372435.jpg\",\"width\":1536,\"height\":2048},{\"@type\":\"BreadcrumbList\",\"@id\":\"https:\/\/bierger.remich.lu\/de\/ville-de-remich\/schulwesen\/musikschule\/#breadcrumb\",\"itemListElement\":[{\"@type\":\"ListItem\",\"position\":1,\"name\":\"Startseite\",\"item\":\"https:\/\/bierger.remich.lu\/de\/\"},{\"@type\":\"ListItem\",\"position\":2,\"name\":\"Stadt Remich\",\"item\":\"https:\/\/bierger.remich.lu\/de\/ville-de-remich\/\"},{\"@type\":\"ListItem\",\"position\":3,\"name\":\"Bildung und Kinder\",\"item\":\"https:\/\/bierger.remich.lu\/de\/ville-de-remich\/schulwesen\/\"},{\"@type\":\"ListItem\",\"position\":4,\"name\":\"Musikschule\"}]},{\"@type\":\"WebSite\",\"@id\":\"https:\/\/bierger.remich.lu\/de\/#website\",\"url\":\"https:\/\/bierger.remich.lu\/de\/\",\"name\":\"Ville de Remich\",\"description\":\"\",\"potentialAction\":[{\"@type\":\"SearchAction\",\"target\":{\"@type\":\"EntryPoint\",\"urlTemplate\":\"https:\/\/bierger.remich.lu\/de\/?s={search_term_string}\"},\"query-input\":{\"@type\":\"PropertyValueSpecification\",\"valueRequired\":true,\"valueName\":\"search_term_string\"}}],\"inLanguage\":\"lb-LU\"}]}<\/script>\n<!-- \/ Yoast SEO plugin. -->","yoast_head_json":{"title":"Museksschoul - Ville de Remich","robots":{"index":"index","follow":"follow","max-snippet":"max-snippet:-1","max-image-preview":"max-image-preview:large","max-video-preview":"max-video-preview:-1"},"canonical":"https:\/\/bierger.remich.lu\/de\/ville-de-remich\/schulwesen\/musikschule\/","og_locale":"en_US","og_type":"article","og_title":"Museksschoul - Ville de Remich","og_description":"Regional Museksschoul Munneref Zanter dem Schouljoer 2022\/2023 g\u00eblle folgend Taxe fir d&#8217;Musekscoursen: gratis fir all Coursen a\u00a0Niveaue fir Sch\u00fcler d\u00e9i den 1. September vum Schouljoer 25 Joer oder manner hunn Minerval vun 100 \u20ac pro Schouljoer a Cours fir all d&#8217;Coursen a\u00a0Niveaue fir Sch\u00fcler d\u00e9i den 1. September vum Schouljoer 26 Joer oder m\u00e9i hunn... Read more &raquo;","og_url":"https:\/\/bierger.remich.lu\/de\/ville-de-remich\/schulwesen\/musikschule\/","og_site_name":"Ville de Remich","article_modified_time":"2024-10-02T15:26:15+00:00","og_image":[{"width":1536,"height":2048,"url":"https:\/\/bierger.remich.lu\/wp-content\/uploads\/sites\/3\/2017\/09\/jordan-mixson-372435.jpg","type":"image\/jpeg"}],"twitter_card":"summary_large_image","twitter_misc":{"Est. reading time":"8 minutes"},"schema":{"@context":"https:\/\/schema.org","@graph":[{"@type":"WebPage","@id":"https:\/\/bierger.remich.lu\/de\/ville-de-remich\/schulwesen\/musikschule\/","url":"https:\/\/bierger.remich.lu\/de\/ville-de-remich\/schulwesen\/musikschule\/","name":"Museksschoul - Ville de Remich","isPartOf":{"@id":"https:\/\/bierger.remich.lu\/de\/#website"},"primaryImageOfPage":{"@id":"https:\/\/bierger.remich.lu\/de\/ville-de-remich\/schulwesen\/musikschule\/#primaryimage"},"image":{"@id":"https:\/\/bierger.remich.lu\/de\/ville-de-remich\/schulwesen\/musikschule\/#primaryimage"},"thumbnailUrl":"https:\/\/bierger.remich.lu\/wp-content\/uploads\/sites\/3\/2017\/09\/jordan-mixson-372435.jpg","datePublished":"2017-09-15T13:24:09+00:00","dateModified":"2024-10-02T15:26:15+00:00","breadcrumb":{"@id":"https:\/\/bierger.remich.lu\/de\/ville-de-remich\/schulwesen\/musikschule\/#breadcrumb"},"inLanguage":"lb-LU","potentialAction":[{"@type":"ReadAction","target":["https:\/\/bierger.remich.lu\/de\/ville-de-remich\/schulwesen\/musikschule\/"]}]},{"@type":"ImageObject","inLanguage":"lb-LU","@id":"https:\/\/bierger.remich.lu\/de\/ville-de-remich\/schulwesen\/musikschule\/#primaryimage","url":"https:\/\/bierger.remich.lu\/wp-content\/uploads\/sites\/3\/2017\/09\/jordan-mixson-372435.jpg","contentUrl":"https:\/\/bierger.remich.lu\/wp-content\/uploads\/sites\/3\/2017\/09\/jordan-mixson-372435.jpg","width":1536,"height":2048},{"@type":"BreadcrumbList","@id":"https:\/\/bierger.remich.lu\/de\/ville-de-remich\/schulwesen\/musikschule\/#breadcrumb","itemListElement":[{"@type":"ListItem","position":1,"name":"Startseite","item":"https:\/\/bierger.remich.lu\/de\/"},{"@type":"ListItem","position":2,"name":"Stadt Remich","item":"https:\/\/bierger.remich.lu\/de\/ville-de-remich\/"},{"@type":"ListItem","position":3,"name":"Bildung und Kinder","item":"https:\/\/bierger.remich.lu\/de\/ville-de-remich\/schulwesen\/"},{"@type":"ListItem","position":4,"name":"Musikschule"}]},{"@type":"WebSite","@id":"https:\/\/bierger.remich.lu\/de\/#website","url":"https:\/\/bierger.remich.lu\/de\/","name":"Ville de Remich","description":"","potentialAction":[{"@type":"SearchAction","target":{"@type":"EntryPoint","urlTemplate":"https:\/\/bierger.remich.lu\/de\/?s={search_term_string}"},"query-input":{"@type":"PropertyValueSpecification","valueRequired":true,"valueName":"search_term_string"}}],"inLanguage":"lb-LU"}]}},"_links":{"self":[{"href":"https:\/\/bierger.remich.lu\/lb\/wp-json\/wp\/v2\/pages\/2165","targetHints":{"allow":["GET"]}}],"collection":[{"href":"https:\/\/bierger.remich.lu\/lb\/wp-json\/wp\/v2\/pages"}],"about":[{"href":"https:\/\/bierger.remich.lu\/lb\/wp-json\/wp\/v2\/types\/page"}],"author":[{"embeddable":true,"href":"https:\/\/bierger.remich.lu\/lb\/wp-json\/wp\/v2\/users\/4"}],"replies":[{"embeddable":true,"href":"https:\/\/bierger.remich.lu\/lb\/wp-json\/wp\/v2\/comments?post=2165"}],"version-history":[{"count":25,"href":"https:\/\/bierger.remich.lu\/lb\/wp-json\/wp\/v2\/pages\/2165\/revisions"}],"predecessor-version":[{"id":14888,"href":"https:\/\/bierger.remich.lu\/lb\/wp-json\/wp\/v2\/pages\/2165\/revisions\/14888"}],"up":[{"embeddable":true,"href":"https:\/\/bierger.remich.lu\/lb\/wp-json\/wp\/v2\/pages\/1852"}],"wp:featuredmedia":[{"embeddable":true,"href":"https:\/\/bierger.remich.lu\/lb\/wp-json\/wp\/v2\/media\/2168"}],"wp:attachment":[{"href":"https:\/\/bierger.remich.lu\/lb\/wp-json\/wp\/v2\/media?parent=2165"}],"curies":[{"name":"wp","href":"https:\/\/api.w.org\/{rel}","templated":true}]}}