{"id":2272,"date":"2017-09-22T13:20:23","date_gmt":"2017-09-22T12:20:23","guid":{"rendered":"http:\/\/reimech.lu\/?page_id=2272"},"modified":"2025-04-04T15:07:25","modified_gmt":"2025-04-04T13:07:25","slug":"kindertagesstatte-muselnascht","status":"publish","type":"page","link":"https:\/\/bierger.remich.lu\/lb\/ville-de-remich\/schulwesen\/kindertagesstatte-muselnascht\/","title":{"rendered":"Foyer du jour Muselnascht"},"content":{"rendered":"<img loading=\"lazy\" decoding=\"async\" class=\"alignnone wp-image-16434 \" src=\"https:\/\/bierger.remich.lu\/wp-content\/uploads\/sites\/3\/2025\/04\/Muselnascht_Logo_2-1024x387.jpg\" alt=\"\" width=\"751\" height=\"284\" srcset=\"https:\/\/bierger.remich.lu\/wp-content\/uploads\/sites\/3\/2025\/04\/Muselnascht_Logo_2-1024x387.jpg 1024w, https:\/\/bierger.remich.lu\/wp-content\/uploads\/sites\/3\/2025\/04\/Muselnascht_Logo_2-300x113.jpg 300w\" sizes=\"auto, (max-width: 751px) 100vw, 751px\" \/><\/p>\n<p>De Foyer du Jour MUSELNASCHT gouf am Joer 1993 gegr\u00ebnnt an ass eng Betreiungsariichtung d\u00e9i mam Minist\u00e8re fir Bildung, Kanner a Jugend konvention\u00e9iert ass an duerch d&#8217;asbl Foyer de Jour Muselnascht verwalt g\u00ebtt.<\/p>\n<h2>\u00cbffnungsz\u00e4iten<\/h2>\n<ul>\n<li>M\u00e9indeg &#8211; Freideg vu 07:00 bis 19:00 Auer<\/li>\n<\/ul>\n<h2>Altersgruppen<\/h2>\n<ul>\n<li>Grupp &#8220;Maisercher&#8221; &#8211; Kanner vun 2 bis 18 M\u00e9int<\/li>\n<li>Grupp &#8220;Himmelsd\u00e9iercher&#8221; &#8211; Kanner vun 18 M\u00e9int bis 4 Joer<\/li>\n<\/ul>\n<h2>Weider Informatiounen<\/h2>\n<ul>\n<li>Kapazit\u00e9it: 32 Plazen<\/li>\n<li>Umeldung: hallef Deeg oder ganz Deeg<\/li>\n<li>Ch\u00e8que-service: profit\u00e9iert vun enger finanzieller \u00cbnnerst\u00ebtzung fir d&#8217;Betreiung vun \u00c4rem Kand, 20 gratis Stonnen ab dem Alter vun 12 M\u00e9int abegraff.<\/li>\n<\/ul>\n<h2>Firwat sech fir de Foyer du Jour Muselnascht entscheeden?<\/h2>\n<ol>\n<li>Perfekte Standuert<br \/>\nA Proximit\u00e9it zum Altersheem bitt de Foyer de Jour e rouegt an ureegend \u00cbmfeld mat engem privaten a ges\u00e9cherte Gaart fir ze spillen an ze entdecken, e Park an direkter Noperschaft fir Spads\u00e9ierg\u00e4ng an Aktivit\u00e9iten dobaussen an eng ges\u00e9chert Spillplaz fir d\u00e9i motoresch Entw\u00e9cklung ze f\u00ebrderen an de Kanner genuch Ofwiesslung ze bidden.<\/li>\n<li>Lokaalt an inklusiivt Engagement<br \/>\nD&#8217;Plaze gi priorit\u00e4r u Kanner mat Wunns\u00ebtz zu R\u00e9imech oder Kanner aus sozial benodeelegte Famillje verginn.<\/li>\n<li>M\u00e9isproochegkeet<br \/>\nAn engem m\u00e9isproochegen \u00cbmfeld k\u00ebnnen d&#8217;Kanner sech ganz natierlech mat de verschiddene Sprooche vertraut maachen, an dat vu Klengem un.<\/li>\n<li>Eng qualifiz\u00e9iert an engag\u00e9iert Ekipp<br \/>\nD&#8217;Ekipp besteet aus Erz\u00e9ier, Kannerinfirmieren, Betreier fir dass all Kand mat der n\u00e9ideger Opmierksamkeet a senger physescher, sozialer, emotionaler a sproochlecher Entw\u00e9cklung ka begleet ginn.<\/li>\n<li>E gutt \u00ebmsuergten a ber\u00e4icherend \u00cbmfeld<br \/>\nOfwiesslungsr\u00e4ich Aktivit\u00e9iten (kreativ Workshops, Spiller am Fr\u00e4ien, sensoresch Entdeckungen, Visitten an Ausflich, Turne mat Senioren&#8230;.), Pause fir ze raschten a soumat fir e Gl\u00e4ichgewiicht t\u00ebscht Ureegung an Entspanung ze suergen a net ze vergiessen dem Fokus op eng intensiv Partnerschaft mat der Famill m\u00ebttels enger oppener Kommunikatioun.<\/li>\n<\/ol>\n<h2>Umeldung a Kontakt<\/h2>\n<ul>\n<li>Umeldung: iwwer de <a href=\"https:\/\/bierger.remich.lu\/wp-content\/uploads\/sites\/3\/2025\/04\/Muselnascht_Formular2025_DE.pdf\">Formulaire<\/a><\/li>\n<li>Kontakt: T. (+352) 23 69 97 15 | E. muselnascht@remich.lu<\/li>\n<\/ul>\n<p>&nbsp;<\/p>\n<p>&nbsp;","protected":false},"excerpt":{"rendered":"<p>De Foyer du Jour MUSELNASCHT gouf am Joer 1993 gegr\u00ebnnt an ass eng Betreiungsariichtung d\u00e9i mam Minist\u00e8re fir Bildung, Kanner a Jugend konvention\u00e9iert ass an duerch d&#8217;asbl Foyer de Jour Muselnascht verwalt g\u00ebtt. \u00cbffnungsz\u00e4iten M\u00e9indeg &#8211; Freideg vu 07:00 bis 19:00 Auer Altersgruppen Grupp &#8220;Maisercher&#8221; &#8211; Kanner vun 2 bis 18 M\u00e9int Grupp &#8220;Himmelsd\u00e9iercher&#8221; &#8211;&#8230;  <a class=\"excerpt-read-more\" href=\"https:\/\/bierger.remich.lu\/lb\/ville-de-remich\/schulwesen\/kindertagesstatte-muselnascht\/\" title=\"ReadFoyer du jour Muselnascht\">Read more &raquo;<\/a><\/p>\n","protected":false},"author":4,"featured_media":2279,"parent":1852,"menu_order":17,"comment_status":"closed","ping_status":"closed","template":"","meta":{"_acf_changed":false,"xn-wppe-expiration":[],"xn-wppe-expiration-action":[],"xn-wppe-expiration-prefix":[],"footnotes":"","_links_to":"","_links_to_target":""},"class_list":["post-2272","page","type-page","status-publish","has-post-thumbnail","hentry","keyword-hein"],"acf":[],"yoast_head":"<!-- This site is optimized with the Yoast SEO plugin v26.7 - https:\/\/yoast.com\/wordpress\/plugins\/seo\/ -->\n<title>Foyer du jour Muselnascht - Ville de Remich<\/title>\n<meta name=\"robots\" content=\"index, follow, max-snippet:-1, max-image-preview:large, max-video-preview:-1\" \/>\n<link rel=\"canonical\" href=\"https:\/\/bierger.remich.lu\/fr\/ville-de-remich\/schulwesen\/kindertagesstatte-muselnascht\/\" \/>\n<meta property=\"og:locale\" content=\"en_US\" \/>\n<meta property=\"og:type\" content=\"article\" \/>\n<meta property=\"og:title\" content=\"Foyer du jour Muselnascht - Ville de Remich\" \/>\n<meta property=\"og:description\" content=\"De Foyer du Jour MUSELNASCHT gouf am Joer 1993 gegr\u00ebnnt an ass eng Betreiungsariichtung d\u00e9i mam Minist\u00e8re fir Bildung, Kanner a Jugend konvention\u00e9iert ass an duerch d&#8217;asbl Foyer de Jour Muselnascht verwalt g\u00ebtt. \u00cbffnungsz\u00e4iten M\u00e9indeg &#8211; Freideg vu 07:00 bis 19:00 Auer Altersgruppen Grupp &#8220;Maisercher&#8221; &#8211; Kanner vun 2 bis 18 M\u00e9int Grupp &#8220;Himmelsd\u00e9iercher&#8221; &#8211;... Read more &raquo;\" \/>\n<meta property=\"og:url\" content=\"https:\/\/bierger.remich.lu\/fr\/ville-de-remich\/schulwesen\/kindertagesstatte-muselnascht\/\" \/>\n<meta property=\"og:site_name\" content=\"Ville de Remich\" \/>\n<meta property=\"article:modified_time\" content=\"2025-04-04T13:07:25+00:00\" \/>\n<meta property=\"og:image\" content=\"https:\/\/bierger.remich.lu\/wp-content\/uploads\/sites\/3\/2017\/09\/markus-spiske-193031-683x1024.jpg\" \/>\n\t<meta property=\"og:image:width\" content=\"683\" \/>\n\t<meta property=\"og:image:height\" content=\"1024\" \/>\n\t<meta property=\"og:image:type\" content=\"image\/jpeg\" \/>\n<meta name=\"twitter:card\" content=\"summary_large_image\" \/>\n<meta name=\"twitter:label1\" content=\"Est. reading time\" \/>\n\t<meta name=\"twitter:data1\" content=\"7 minutes\" \/>\n<script type=\"application\/ld+json\" class=\"yoast-schema-graph\">{\"@context\":\"https:\/\/schema.org\",\"@graph\":[{\"@type\":\"WebPage\",\"@id\":\"https:\/\/bierger.remich.lu\/fr\/ville-de-remich\/schulwesen\/kindertagesstatte-muselnascht\/\",\"url\":\"https:\/\/bierger.remich.lu\/fr\/ville-de-remich\/schulwesen\/kindertagesstatte-muselnascht\/\",\"name\":\"Foyer du jour Muselnascht - Ville de Remich\",\"isPartOf\":{\"@id\":\"https:\/\/bierger.remich.lu\/de\/#website\"},\"primaryImageOfPage\":{\"@id\":\"https:\/\/bierger.remich.lu\/fr\/ville-de-remich\/schulwesen\/kindertagesstatte-muselnascht\/#primaryimage\"},\"image\":{\"@id\":\"https:\/\/bierger.remich.lu\/fr\/ville-de-remich\/schulwesen\/kindertagesstatte-muselnascht\/#primaryimage\"},\"thumbnailUrl\":\"https:\/\/bierger.remich.lu\/wp-content\/uploads\/sites\/3\/2017\/09\/markus-spiske-193031.jpg\",\"datePublished\":\"2017-09-22T12:20:23+00:00\",\"dateModified\":\"2025-04-04T13:07:25+00:00\",\"breadcrumb\":{\"@id\":\"https:\/\/bierger.remich.lu\/fr\/ville-de-remich\/schulwesen\/kindertagesstatte-muselnascht\/#breadcrumb\"},\"inLanguage\":\"lb-LU\",\"potentialAction\":[{\"@type\":\"ReadAction\",\"target\":[\"https:\/\/bierger.remich.lu\/fr\/ville-de-remich\/schulwesen\/kindertagesstatte-muselnascht\/\"]}]},{\"@type\":\"ImageObject\",\"inLanguage\":\"lb-LU\",\"@id\":\"https:\/\/bierger.remich.lu\/fr\/ville-de-remich\/schulwesen\/kindertagesstatte-muselnascht\/#primaryimage\",\"url\":\"https:\/\/bierger.remich.lu\/wp-content\/uploads\/sites\/3\/2017\/09\/markus-spiske-193031.jpg\",\"contentUrl\":\"https:\/\/bierger.remich.lu\/wp-content\/uploads\/sites\/3\/2017\/09\/markus-spiske-193031.jpg\",\"width\":3840,\"height\":5760},{\"@type\":\"BreadcrumbList\",\"@id\":\"https:\/\/bierger.remich.lu\/fr\/ville-de-remich\/schulwesen\/kindertagesstatte-muselnascht\/#breadcrumb\",\"itemListElement\":[{\"@type\":\"ListItem\",\"position\":1,\"name\":\"Startseite\",\"item\":\"https:\/\/bierger.remich.lu\/de\/\"},{\"@type\":\"ListItem\",\"position\":2,\"name\":\"Stadt Remich\",\"item\":\"https:\/\/bierger.remich.lu\/de\/ville-de-remich\/\"},{\"@type\":\"ListItem\",\"position\":3,\"name\":\"Bildung und Kinder\",\"item\":\"https:\/\/bierger.remich.lu\/de\/ville-de-remich\/schulwesen\/\"},{\"@type\":\"ListItem\",\"position\":4,\"name\":\"Foyer du jour Muselnascht\"}]},{\"@type\":\"WebSite\",\"@id\":\"https:\/\/bierger.remich.lu\/de\/#website\",\"url\":\"https:\/\/bierger.remich.lu\/de\/\",\"name\":\"Ville de Remich\",\"description\":\"\",\"potentialAction\":[{\"@type\":\"SearchAction\",\"target\":{\"@type\":\"EntryPoint\",\"urlTemplate\":\"https:\/\/bierger.remich.lu\/de\/?s={search_term_string}\"},\"query-input\":{\"@type\":\"PropertyValueSpecification\",\"valueRequired\":true,\"valueName\":\"search_term_string\"}}],\"inLanguage\":\"lb-LU\"}]}<\/script>\n<!-- \/ Yoast SEO plugin. -->","yoast_head_json":{"title":"Foyer du jour Muselnascht - Ville de Remich","robots":{"index":"index","follow":"follow","max-snippet":"max-snippet:-1","max-image-preview":"max-image-preview:large","max-video-preview":"max-video-preview:-1"},"canonical":"https:\/\/bierger.remich.lu\/fr\/ville-de-remich\/schulwesen\/kindertagesstatte-muselnascht\/","og_locale":"en_US","og_type":"article","og_title":"Foyer du jour Muselnascht - Ville de Remich","og_description":"De Foyer du Jour MUSELNASCHT gouf am Joer 1993 gegr\u00ebnnt an ass eng Betreiungsariichtung d\u00e9i mam Minist\u00e8re fir Bildung, Kanner a Jugend konvention\u00e9iert ass an duerch d&#8217;asbl Foyer de Jour Muselnascht verwalt g\u00ebtt. \u00cbffnungsz\u00e4iten M\u00e9indeg &#8211; Freideg vu 07:00 bis 19:00 Auer Altersgruppen Grupp &#8220;Maisercher&#8221; &#8211; Kanner vun 2 bis 18 M\u00e9int Grupp &#8220;Himmelsd\u00e9iercher&#8221; &#8211;... Read more &raquo;","og_url":"https:\/\/bierger.remich.lu\/fr\/ville-de-remich\/schulwesen\/kindertagesstatte-muselnascht\/","og_site_name":"Ville de Remich","article_modified_time":"2025-04-04T13:07:25+00:00","og_image":[{"width":683,"height":1024,"url":"https:\/\/bierger.remich.lu\/wp-content\/uploads\/sites\/3\/2017\/09\/markus-spiske-193031-683x1024.jpg","type":"image\/jpeg"}],"twitter_card":"summary_large_image","twitter_misc":{"Est. reading time":"7 minutes"},"schema":{"@context":"https:\/\/schema.org","@graph":[{"@type":"WebPage","@id":"https:\/\/bierger.remich.lu\/fr\/ville-de-remich\/schulwesen\/kindertagesstatte-muselnascht\/","url":"https:\/\/bierger.remich.lu\/fr\/ville-de-remich\/schulwesen\/kindertagesstatte-muselnascht\/","name":"Foyer du jour Muselnascht - Ville de Remich","isPartOf":{"@id":"https:\/\/bierger.remich.lu\/de\/#website"},"primaryImageOfPage":{"@id":"https:\/\/bierger.remich.lu\/fr\/ville-de-remich\/schulwesen\/kindertagesstatte-muselnascht\/#primaryimage"},"image":{"@id":"https:\/\/bierger.remich.lu\/fr\/ville-de-remich\/schulwesen\/kindertagesstatte-muselnascht\/#primaryimage"},"thumbnailUrl":"https:\/\/bierger.remich.lu\/wp-content\/uploads\/sites\/3\/2017\/09\/markus-spiske-193031.jpg","datePublished":"2017-09-22T12:20:23+00:00","dateModified":"2025-04-04T13:07:25+00:00","breadcrumb":{"@id":"https:\/\/bierger.remich.lu\/fr\/ville-de-remich\/schulwesen\/kindertagesstatte-muselnascht\/#breadcrumb"},"inLanguage":"lb-LU","potentialAction":[{"@type":"ReadAction","target":["https:\/\/bierger.remich.lu\/fr\/ville-de-remich\/schulwesen\/kindertagesstatte-muselnascht\/"]}]},{"@type":"ImageObject","inLanguage":"lb-LU","@id":"https:\/\/bierger.remich.lu\/fr\/ville-de-remich\/schulwesen\/kindertagesstatte-muselnascht\/#primaryimage","url":"https:\/\/bierger.remich.lu\/wp-content\/uploads\/sites\/3\/2017\/09\/markus-spiske-193031.jpg","contentUrl":"https:\/\/bierger.remich.lu\/wp-content\/uploads\/sites\/3\/2017\/09\/markus-spiske-193031.jpg","width":3840,"height":5760},{"@type":"BreadcrumbList","@id":"https:\/\/bierger.remich.lu\/fr\/ville-de-remich\/schulwesen\/kindertagesstatte-muselnascht\/#breadcrumb","itemListElement":[{"@type":"ListItem","position":1,"name":"Startseite","item":"https:\/\/bierger.remich.lu\/de\/"},{"@type":"ListItem","position":2,"name":"Stadt Remich","item":"https:\/\/bierger.remich.lu\/de\/ville-de-remich\/"},{"@type":"ListItem","position":3,"name":"Bildung und Kinder","item":"https:\/\/bierger.remich.lu\/de\/ville-de-remich\/schulwesen\/"},{"@type":"ListItem","position":4,"name":"Foyer du jour Muselnascht"}]},{"@type":"WebSite","@id":"https:\/\/bierger.remich.lu\/de\/#website","url":"https:\/\/bierger.remich.lu\/de\/","name":"Ville de Remich","description":"","potentialAction":[{"@type":"SearchAction","target":{"@type":"EntryPoint","urlTemplate":"https:\/\/bierger.remich.lu\/de\/?s={search_term_string}"},"query-input":{"@type":"PropertyValueSpecification","valueRequired":true,"valueName":"search_term_string"}}],"inLanguage":"lb-LU"}]}},"_links":{"self":[{"href":"https:\/\/bierger.remich.lu\/lb\/wp-json\/wp\/v2\/pages\/2272","targetHints":{"allow":["GET"]}}],"collection":[{"href":"https:\/\/bierger.remich.lu\/lb\/wp-json\/wp\/v2\/pages"}],"about":[{"href":"https:\/\/bierger.remich.lu\/lb\/wp-json\/wp\/v2\/types\/page"}],"author":[{"embeddable":true,"href":"https:\/\/bierger.remich.lu\/lb\/wp-json\/wp\/v2\/users\/4"}],"replies":[{"embeddable":true,"href":"https:\/\/bierger.remich.lu\/lb\/wp-json\/wp\/v2\/comments?post=2272"}],"version-history":[{"count":38,"href":"https:\/\/bierger.remich.lu\/lb\/wp-json\/wp\/v2\/pages\/2272\/revisions"}],"predecessor-version":[{"id":16453,"href":"https:\/\/bierger.remich.lu\/lb\/wp-json\/wp\/v2\/pages\/2272\/revisions\/16453"}],"up":[{"embeddable":true,"href":"https:\/\/bierger.remich.lu\/lb\/wp-json\/wp\/v2\/pages\/1852"}],"wp:featuredmedia":[{"embeddable":true,"href":"https:\/\/bierger.remich.lu\/lb\/wp-json\/wp\/v2\/media\/2279"}],"wp:attachment":[{"href":"https:\/\/bierger.remich.lu\/lb\/wp-json\/wp\/v2\/media?parent=2272"}],"curies":[{"name":"wp","href":"https:\/\/api.w.org\/{rel}","templated":true}]}}