{"id":2922,"date":"2018-01-09T12:21:47","date_gmt":"2018-01-09T11:21:47","guid":{"rendered":"http:\/\/reimech.lu\/?page_id=2922"},"modified":"2026-02-06T10:26:41","modified_gmt":"2026-02-06T09:26:41","slug":"station-biologique-sias","status":"publish","type":"page","link":"https:\/\/bierger.remich.lu\/lb\/ville-de-remich\/umwelt\/station-biologique-sias\/","title":{"rendered":"Station biologique SIAS"},"content":{"rendered":"D&#8217;Biologesch Statioun SIAS ass eng vu 5 Biologesch Statiounen zu L\u00ebtzebuerg a setzt Naturschutzprojeten an de Partnergemengen \u00ebm.<\/p>\n<p>D\u00e9i 16 Gemengen vun der Biologescher Statioun SIAS hunn eng Fl\u00e4ch vun 320 km2, dovun 33% B\u00ebsch, 55% oppe Fl\u00e4chen. 28% vun der Gesamtfl\u00e4ch si NATURA2000 Gebidder.<\/p>\n<p>R\u00e9imech huet sech am Joer 2016 dem SIAS ugeschloss.","protected":false},"excerpt":{"rendered":"<p>D&#8217;Biologesch Statioun SIAS ass eng vu 5 Biologesch Statiounen zu L\u00ebtzebuerg a setzt Naturschutzprojeten an de Partnergemengen \u00ebm. D\u00e9i 16 Gemengen vun der Biologescher Statioun SIAS hunn eng Fl\u00e4ch vun 320 km2, dovun 33% B\u00ebsch, 55% oppe Fl\u00e4chen. 28% vun der Gesamtfl\u00e4ch si NATURA2000 Gebidder. R\u00e9imech huet sech am Joer 2016 dem SIAS ugeschloss.<\/p>\n","protected":false},"author":4,"featured_media":2924,"parent":50,"menu_order":2,"comment_status":"closed","ping_status":"closed","template":"","meta":{"_acf_changed":false,"xn-wppe-expiration":[],"xn-wppe-expiration-action":[],"xn-wppe-expiration-prefix":[],"footnotes":"","_links_to":"","_links_to_target":""},"class_list":["post-2922","page","type-page","status-publish","has-post-thumbnail","hentry"],"acf":[],"yoast_head":"<!-- This site is optimized with the Yoast SEO plugin v26.7 - https:\/\/yoast.com\/wordpress\/plugins\/seo\/ -->\n<title>Station biologique SIAS - Ville de Remich<\/title>\n<meta name=\"robots\" content=\"index, follow, max-snippet:-1, max-image-preview:large, max-video-preview:-1\" \/>\n<link rel=\"canonical\" href=\"https:\/\/bierger.remich.lu\/ville-de-remich\/umwelt\/station-biologique-sias\/\" \/>\n<meta property=\"og:locale\" content=\"en_US\" \/>\n<meta property=\"og:type\" content=\"article\" \/>\n<meta property=\"og:title\" content=\"Station biologique SIAS - Ville de Remich\" \/>\n<meta property=\"og:description\" content=\"D&#8217;Biologesch Statioun SIAS ass eng vu 5 Biologesch Statiounen zu L\u00ebtzebuerg a setzt Naturschutzprojeten an de Partnergemengen \u00ebm. D\u00e9i 16 Gemengen vun der Biologescher Statioun SIAS hunn eng Fl\u00e4ch vun 320 km2, dovun 33% B\u00ebsch, 55% oppe Fl\u00e4chen. 28% vun der Gesamtfl\u00e4ch si NATURA2000 Gebidder. R\u00e9imech huet sech am Joer 2016 dem SIAS ugeschloss.\" \/>\n<meta property=\"og:url\" content=\"https:\/\/bierger.remich.lu\/ville-de-remich\/umwelt\/station-biologique-sias\/\" \/>\n<meta property=\"og:site_name\" content=\"Ville de Remich\" \/>\n<meta property=\"article:modified_time\" content=\"2026-02-06T09:26:41+00:00\" \/>\n<meta property=\"og:image\" content=\"https:\/\/bierger.remich.lu\/wp-content\/uploads\/sites\/3\/2018\/01\/Yannick-Ciancanelli-DSC04614-HDR-2000x1333.jpg\" \/>\n\t<meta property=\"og:image:width\" content=\"2000\" \/>\n\t<meta property=\"og:image:height\" content=\"1333\" \/>\n\t<meta property=\"og:image:type\" content=\"image\/jpeg\" \/>\n<meta name=\"twitter:card\" content=\"summary_large_image\" \/>\n<meta name=\"twitter:label1\" content=\"Est. reading time\" \/>\n\t<meta name=\"twitter:data1\" content=\"1 minute\" \/>\n<script type=\"application\/ld+json\" class=\"yoast-schema-graph\">{\"@context\":\"https:\/\/schema.org\",\"@graph\":[{\"@type\":\"WebPage\",\"@id\":\"https:\/\/bierger.remich.lu\/ville-de-remich\/umwelt\/station-biologique-sias\/\",\"url\":\"https:\/\/bierger.remich.lu\/ville-de-remich\/umwelt\/station-biologique-sias\/\",\"name\":\"Station biologique SIAS - Ville de Remich\",\"isPartOf\":{\"@id\":\"https:\/\/bierger.remich.lu\/de\/#website\"},\"primaryImageOfPage\":{\"@id\":\"https:\/\/bierger.remich.lu\/ville-de-remich\/umwelt\/station-biologique-sias\/#primaryimage\"},\"image\":{\"@id\":\"https:\/\/bierger.remich.lu\/ville-de-remich\/umwelt\/station-biologique-sias\/#primaryimage\"},\"thumbnailUrl\":\"https:\/\/bierger.remich.lu\/wp-content\/uploads\/sites\/3\/2018\/01\/Yannick-Ciancanelli-DSC04614-HDR-2000x1333.jpg\",\"datePublished\":\"2018-01-09T11:21:47+00:00\",\"dateModified\":\"2026-02-06T09:26:41+00:00\",\"breadcrumb\":{\"@id\":\"https:\/\/bierger.remich.lu\/ville-de-remich\/umwelt\/station-biologique-sias\/#breadcrumb\"},\"inLanguage\":\"lb-LU\",\"potentialAction\":[{\"@type\":\"ReadAction\",\"target\":[\"https:\/\/bierger.remich.lu\/ville-de-remich\/umwelt\/station-biologique-sias\/\"]}]},{\"@type\":\"ImageObject\",\"inLanguage\":\"lb-LU\",\"@id\":\"https:\/\/bierger.remich.lu\/ville-de-remich\/umwelt\/station-biologique-sias\/#primaryimage\",\"url\":\"https:\/\/bierger.remich.lu\/wp-content\/uploads\/sites\/3\/2018\/01\/Yannick-Ciancanelli-DSC04614-HDR-2000x1333.jpg\",\"contentUrl\":\"https:\/\/bierger.remich.lu\/wp-content\/uploads\/sites\/3\/2018\/01\/Yannick-Ciancanelli-DSC04614-HDR-2000x1333.jpg\",\"width\":2000,\"height\":1333},{\"@type\":\"BreadcrumbList\",\"@id\":\"https:\/\/bierger.remich.lu\/ville-de-remich\/umwelt\/station-biologique-sias\/#breadcrumb\",\"itemListElement\":[{\"@type\":\"ListItem\",\"position\":1,\"name\":\"Startseite\",\"item\":\"https:\/\/bierger.remich.lu\/de\/\"},{\"@type\":\"ListItem\",\"position\":2,\"name\":\"Stadt Remich\",\"item\":\"https:\/\/bierger.remich.lu\/de\/ville-de-remich\/\"},{\"@type\":\"ListItem\",\"position\":3,\"name\":\"Umwelt\",\"item\":\"https:\/\/bierger.remich.lu\/de\/ville-de-remich\/umwelt\/\"},{\"@type\":\"ListItem\",\"position\":4,\"name\":\"Biologische Station SIAS\"}]},{\"@type\":\"WebSite\",\"@id\":\"https:\/\/bierger.remich.lu\/de\/#website\",\"url\":\"https:\/\/bierger.remich.lu\/de\/\",\"name\":\"Ville de Remich\",\"description\":\"\",\"potentialAction\":[{\"@type\":\"SearchAction\",\"target\":{\"@type\":\"EntryPoint\",\"urlTemplate\":\"https:\/\/bierger.remich.lu\/de\/?s={search_term_string}\"},\"query-input\":{\"@type\":\"PropertyValueSpecification\",\"valueRequired\":true,\"valueName\":\"search_term_string\"}}],\"inLanguage\":\"lb-LU\"}]}<\/script>\n<!-- \/ Yoast SEO plugin. -->","yoast_head_json":{"title":"Station biologique SIAS - Ville de Remich","robots":{"index":"index","follow":"follow","max-snippet":"max-snippet:-1","max-image-preview":"max-image-preview:large","max-video-preview":"max-video-preview:-1"},"canonical":"https:\/\/bierger.remich.lu\/ville-de-remich\/umwelt\/station-biologique-sias\/","og_locale":"en_US","og_type":"article","og_title":"Station biologique SIAS - Ville de Remich","og_description":"D&#8217;Biologesch Statioun SIAS ass eng vu 5 Biologesch Statiounen zu L\u00ebtzebuerg a setzt Naturschutzprojeten an de Partnergemengen \u00ebm. D\u00e9i 16 Gemengen vun der Biologescher Statioun SIAS hunn eng Fl\u00e4ch vun 320 km2, dovun 33% B\u00ebsch, 55% oppe Fl\u00e4chen. 28% vun der Gesamtfl\u00e4ch si NATURA2000 Gebidder. R\u00e9imech huet sech am Joer 2016 dem SIAS ugeschloss.","og_url":"https:\/\/bierger.remich.lu\/ville-de-remich\/umwelt\/station-biologique-sias\/","og_site_name":"Ville de Remich","article_modified_time":"2026-02-06T09:26:41+00:00","og_image":[{"width":2000,"height":1333,"url":"https:\/\/bierger.remich.lu\/wp-content\/uploads\/sites\/3\/2018\/01\/Yannick-Ciancanelli-DSC04614-HDR-2000x1333.jpg","type":"image\/jpeg"}],"twitter_card":"summary_large_image","twitter_misc":{"Est. reading time":"1 minute"},"schema":{"@context":"https:\/\/schema.org","@graph":[{"@type":"WebPage","@id":"https:\/\/bierger.remich.lu\/ville-de-remich\/umwelt\/station-biologique-sias\/","url":"https:\/\/bierger.remich.lu\/ville-de-remich\/umwelt\/station-biologique-sias\/","name":"Station biologique SIAS - Ville de Remich","isPartOf":{"@id":"https:\/\/bierger.remich.lu\/de\/#website"},"primaryImageOfPage":{"@id":"https:\/\/bierger.remich.lu\/ville-de-remich\/umwelt\/station-biologique-sias\/#primaryimage"},"image":{"@id":"https:\/\/bierger.remich.lu\/ville-de-remich\/umwelt\/station-biologique-sias\/#primaryimage"},"thumbnailUrl":"https:\/\/bierger.remich.lu\/wp-content\/uploads\/sites\/3\/2018\/01\/Yannick-Ciancanelli-DSC04614-HDR-2000x1333.jpg","datePublished":"2018-01-09T11:21:47+00:00","dateModified":"2026-02-06T09:26:41+00:00","breadcrumb":{"@id":"https:\/\/bierger.remich.lu\/ville-de-remich\/umwelt\/station-biologique-sias\/#breadcrumb"},"inLanguage":"lb-LU","potentialAction":[{"@type":"ReadAction","target":["https:\/\/bierger.remich.lu\/ville-de-remich\/umwelt\/station-biologique-sias\/"]}]},{"@type":"ImageObject","inLanguage":"lb-LU","@id":"https:\/\/bierger.remich.lu\/ville-de-remich\/umwelt\/station-biologique-sias\/#primaryimage","url":"https:\/\/bierger.remich.lu\/wp-content\/uploads\/sites\/3\/2018\/01\/Yannick-Ciancanelli-DSC04614-HDR-2000x1333.jpg","contentUrl":"https:\/\/bierger.remich.lu\/wp-content\/uploads\/sites\/3\/2018\/01\/Yannick-Ciancanelli-DSC04614-HDR-2000x1333.jpg","width":2000,"height":1333},{"@type":"BreadcrumbList","@id":"https:\/\/bierger.remich.lu\/ville-de-remich\/umwelt\/station-biologique-sias\/#breadcrumb","itemListElement":[{"@type":"ListItem","position":1,"name":"Startseite","item":"https:\/\/bierger.remich.lu\/de\/"},{"@type":"ListItem","position":2,"name":"Stadt Remich","item":"https:\/\/bierger.remich.lu\/de\/ville-de-remich\/"},{"@type":"ListItem","position":3,"name":"Umwelt","item":"https:\/\/bierger.remich.lu\/de\/ville-de-remich\/umwelt\/"},{"@type":"ListItem","position":4,"name":"Biologische Station SIAS"}]},{"@type":"WebSite","@id":"https:\/\/bierger.remich.lu\/de\/#website","url":"https:\/\/bierger.remich.lu\/de\/","name":"Ville de Remich","description":"","potentialAction":[{"@type":"SearchAction","target":{"@type":"EntryPoint","urlTemplate":"https:\/\/bierger.remich.lu\/de\/?s={search_term_string}"},"query-input":{"@type":"PropertyValueSpecification","valueRequired":true,"valueName":"search_term_string"}}],"inLanguage":"lb-LU"}]}},"_links":{"self":[{"href":"https:\/\/bierger.remich.lu\/lb\/wp-json\/wp\/v2\/pages\/2922","targetHints":{"allow":["GET"]}}],"collection":[{"href":"https:\/\/bierger.remich.lu\/lb\/wp-json\/wp\/v2\/pages"}],"about":[{"href":"https:\/\/bierger.remich.lu\/lb\/wp-json\/wp\/v2\/types\/page"}],"author":[{"embeddable":true,"href":"https:\/\/bierger.remich.lu\/lb\/wp-json\/wp\/v2\/users\/4"}],"replies":[{"embeddable":true,"href":"https:\/\/bierger.remich.lu\/lb\/wp-json\/wp\/v2\/comments?post=2922"}],"version-history":[{"count":2,"href":"https:\/\/bierger.remich.lu\/lb\/wp-json\/wp\/v2\/pages\/2922\/revisions"}],"predecessor-version":[{"id":17495,"href":"https:\/\/bierger.remich.lu\/lb\/wp-json\/wp\/v2\/pages\/2922\/revisions\/17495"}],"up":[{"embeddable":true,"href":"https:\/\/bierger.remich.lu\/lb\/wp-json\/wp\/v2\/pages\/50"}],"wp:featuredmedia":[{"embeddable":true,"href":"https:\/\/bierger.remich.lu\/lb\/wp-json\/wp\/v2\/media\/2924"}],"wp:attachment":[{"href":"https:\/\/bierger.remich.lu\/lb\/wp-json\/wp\/v2\/media?parent=2922"}],"curies":[{"name":"wp","href":"https:\/\/api.w.org\/{rel}","templated":true}]}}