{"id":6978,"date":"2020-11-04T14:33:09","date_gmt":"2020-11-04T13:33:09","guid":{"rendered":"http:\/\/bierger.remich.lu\/?page_id=6978"},"modified":"2025-10-16T16:12:05","modified_gmt":"2025-10-16T14:12:05","slug":"superdreckskescht","status":"publish","type":"page","link":"https:\/\/bierger.remich.lu\/lb\/ville-de-remich\/umwelt\/francais-gestion-des-dechets\/superdreckskescht\/","title":{"rendered":"SuperDrecksK\u00ebscht\u00ae"},"content":{"rendered":"<p class=\"qtranxs-available-languages-message qtranxs-available-languages-message-lb\">Leider g\u00ebtt et d\u00ebsen Inhalt n\u00ebmmen op <a href=\"https:\/\/bierger.remich.lu\/fr\/wp-json\/wp\/v2\/pages\/6978\" class=\"qtranxs-available-language-link qtranxs-available-language-link-fr\" title=\"FR\">FR<\/a> an <a href=\"https:\/\/bierger.remich.lu\/de\/wp-json\/wp\/v2\/pages\/6978\" class=\"qtranxs-available-language-link qtranxs-available-language-link-de\" title=\"DE\">DE<\/a>. For the sake of viewer convenience, the content is shown below in one of the available alternative languages. You may click one of the links to switch the site language to another available language.<\/p>Les d\u00e9chets probl\u00e9matiques des m\u00e9nages priv\u00e9s peuvent \u00eatre d\u00e9pos\u00e9s dans les points de collecte fixes ou mobiles de la SuperDrecksK\u00ebscht\u00ae dans la commune (service center parking piscine, collecte porte-\u00e0-porte sur demande), au centre de recyclage Hein ou \u00e0 la d\u00e9charge &#8220;Muertendall&#8221; du SIGRE.<\/p>\n<p>Le service collecte porte-\u00e0-porte se fait uniquement sur demande 48 heures avant la date de collecte par t\u00e9l\u00e9phone au num\u00e9ro 48 82 16 \u2013 1.<\/p>\n<p>Vous trouvez les dates des collectes\/service center dans le calendrier des d\u00e9chets de la Ville de Remich.Les d\u00e9chets probl\u00e9matiques des m\u00e9nages priv\u00e9s peuvent \u00eatre d\u00e9pos\u00e9s dans les points de collecte fixes ou mobiles de la SuperDrecksK\u00ebscht\u00ae dans la commune (service center parking piscine, collecte porte-\u00e0-porte sur demande), au centre de recyclage Hein ou \u00e0 la d\u00e9charge &#8220;Muertendall&#8221; du SIGRE.<\/p>\n<p>Le service collecte porte-\u00e0-porte se fait uniquement sur demande 48 heures avant la date de collecte par t\u00e9l\u00e9phone au num\u00e9ro 48 82 16 \u2013 1.<\/p>\n<p>Vous trouvez les dates des collectes\/service center dans le calendrier des d\u00e9chets de la Ville de Remich.","protected":false},"excerpt":{"rendered":"<p>Leider g\u00ebtt et d\u00ebsen Inhalt n\u00ebmmen op FR an DE. For the sake of viewer convenience, the content is shown below in one of the available alternative languages. You may click one of the links to switch the site language to another available language.Les d\u00e9chets probl\u00e9matiques des m\u00e9nages priv\u00e9s peuvent \u00eatre d\u00e9pos\u00e9s dans les points&#8230;  <a class=\"excerpt-read-more\" href=\"https:\/\/bierger.remich.lu\/lb\/ville-de-remich\/umwelt\/francais-gestion-des-dechets\/superdreckskescht\/\" title=\"ReadSuperDrecksK\u00ebscht\u00ae\">Read more &raquo;<\/a><\/p>\n","protected":false},"author":4,"featured_media":6983,"parent":1262,"menu_order":27,"comment_status":"closed","ping_status":"closed","template":"","meta":{"_acf_changed":false,"xn-wppe-expiration":[],"xn-wppe-expiration-action":[],"xn-wppe-expiration-prefix":[],"footnotes":"","_links_to":"","_links_to_target":""},"class_list":["post-6978","page","type-page","status-publish","has-post-thumbnail","hentry","keyword-abfall","keyword-superdreckskescht"],"acf":[],"yoast_head":"<!-- This site is optimized with the Yoast SEO plugin v26.7 - https:\/\/yoast.com\/wordpress\/plugins\/seo\/ -->\n<title>SuperDrecksK\u00ebscht\u00ae - Ville de Remich<\/title>\n<meta name=\"robots\" content=\"index, follow, max-snippet:-1, max-image-preview:large, max-video-preview:-1\" \/>\n<link rel=\"canonical\" href=\"https:\/\/bierger.remich.lu\/ville-de-remich\/umwelt\/francais-gestion-des-dechets\/superdreckskescht\/\" \/>\n<meta property=\"og:locale\" content=\"en_US\" \/>\n<meta property=\"og:type\" content=\"article\" \/>\n<meta property=\"og:title\" content=\"SuperDrecksK\u00ebscht\u00ae - Ville de Remich\" \/>\n<meta property=\"og:description\" content=\"Leider g\u00ebtt et d\u00ebsen Inhalt n\u00ebmmen op FR an DE. For the sake of viewer convenience, the content is shown below in one of the available alternative languages. You may click one of the links to switch the site language to another available language.Les d\u00e9chets probl\u00e9matiques des m\u00e9nages priv\u00e9s peuvent \u00eatre d\u00e9pos\u00e9s dans les points... Read more &raquo;\" \/>\n<meta property=\"og:url\" content=\"https:\/\/bierger.remich.lu\/ville-de-remich\/umwelt\/francais-gestion-des-dechets\/superdreckskescht\/\" \/>\n<meta property=\"og:site_name\" content=\"Ville de Remich\" \/>\n<meta property=\"article:modified_time\" content=\"2025-10-16T14:12:05+00:00\" \/>\n<meta property=\"og:image\" content=\"https:\/\/bierger.remich.lu\/wp-content\/uploads\/sites\/3\/2020\/11\/SDK_2.png\" \/>\n\t<meta property=\"og:image:width\" content=\"512\" \/>\n\t<meta property=\"og:image:height\" content=\"238\" \/>\n\t<meta property=\"og:image:type\" content=\"image\/png\" \/>\n<meta name=\"twitter:card\" content=\"summary_large_image\" \/>\n<meta name=\"twitter:label1\" content=\"Est. reading time\" \/>\n\t<meta name=\"twitter:data1\" content=\"1 minute\" \/>\n<script type=\"application\/ld+json\" class=\"yoast-schema-graph\">{\"@context\":\"https:\/\/schema.org\",\"@graph\":[{\"@type\":\"WebPage\",\"@id\":\"https:\/\/bierger.remich.lu\/ville-de-remich\/umwelt\/francais-gestion-des-dechets\/superdreckskescht\/\",\"url\":\"https:\/\/bierger.remich.lu\/ville-de-remich\/umwelt\/francais-gestion-des-dechets\/superdreckskescht\/\",\"name\":\"SuperDrecksK\u00ebscht\u00ae - Ville de Remich\",\"isPartOf\":{\"@id\":\"https:\/\/bierger.remich.lu\/de\/#website\"},\"primaryImageOfPage\":{\"@id\":\"https:\/\/bierger.remich.lu\/ville-de-remich\/umwelt\/francais-gestion-des-dechets\/superdreckskescht\/#primaryimage\"},\"image\":{\"@id\":\"https:\/\/bierger.remich.lu\/ville-de-remich\/umwelt\/francais-gestion-des-dechets\/superdreckskescht\/#primaryimage\"},\"thumbnailUrl\":\"https:\/\/bierger.remich.lu\/wp-content\/uploads\/sites\/3\/2020\/11\/SDK_2.png\",\"datePublished\":\"2020-11-04T13:33:09+00:00\",\"dateModified\":\"2025-10-16T14:12:05+00:00\",\"breadcrumb\":{\"@id\":\"https:\/\/bierger.remich.lu\/ville-de-remich\/umwelt\/francais-gestion-des-dechets\/superdreckskescht\/#breadcrumb\"},\"inLanguage\":\"lb-LU\",\"potentialAction\":[{\"@type\":\"ReadAction\",\"target\":[\"https:\/\/bierger.remich.lu\/ville-de-remich\/umwelt\/francais-gestion-des-dechets\/superdreckskescht\/\"]}]},{\"@type\":\"ImageObject\",\"inLanguage\":\"lb-LU\",\"@id\":\"https:\/\/bierger.remich.lu\/ville-de-remich\/umwelt\/francais-gestion-des-dechets\/superdreckskescht\/#primaryimage\",\"url\":\"https:\/\/bierger.remich.lu\/wp-content\/uploads\/sites\/3\/2020\/11\/SDK_2.png\",\"contentUrl\":\"https:\/\/bierger.remich.lu\/wp-content\/uploads\/sites\/3\/2020\/11\/SDK_2.png\",\"width\":512,\"height\":238},{\"@type\":\"BreadcrumbList\",\"@id\":\"https:\/\/bierger.remich.lu\/ville-de-remich\/umwelt\/francais-gestion-des-dechets\/superdreckskescht\/#breadcrumb\",\"itemListElement\":[{\"@type\":\"ListItem\",\"position\":1,\"name\":\"Startseite\",\"item\":\"https:\/\/bierger.remich.lu\/de\/\"},{\"@type\":\"ListItem\",\"position\":2,\"name\":\"Stadt Remich\",\"item\":\"https:\/\/bierger.remich.lu\/de\/ville-de-remich\/\"},{\"@type\":\"ListItem\",\"position\":3,\"name\":\"Umwelt\",\"item\":\"https:\/\/bierger.remich.lu\/de\/ville-de-remich\/umwelt\/\"},{\"@type\":\"ListItem\",\"position\":4,\"name\":\"Abfallentsorgung\",\"item\":\"https:\/\/bierger.remich.lu\/ville-de-remich\/umwelt\/francais-gestion-des-dechets\/\"},{\"@type\":\"ListItem\",\"position\":5,\"name\":\"SuperDrecksK\u00ebscht\u00ae\"}]},{\"@type\":\"WebSite\",\"@id\":\"https:\/\/bierger.remich.lu\/de\/#website\",\"url\":\"https:\/\/bierger.remich.lu\/de\/\",\"name\":\"Ville de Remich\",\"description\":\"\",\"potentialAction\":[{\"@type\":\"SearchAction\",\"target\":{\"@type\":\"EntryPoint\",\"urlTemplate\":\"https:\/\/bierger.remich.lu\/de\/?s={search_term_string}\"},\"query-input\":{\"@type\":\"PropertyValueSpecification\",\"valueRequired\":true,\"valueName\":\"search_term_string\"}}],\"inLanguage\":\"lb-LU\"}]}<\/script>\n<!-- \/ Yoast SEO plugin. -->","yoast_head_json":{"title":"SuperDrecksK\u00ebscht\u00ae - Ville de Remich","robots":{"index":"index","follow":"follow","max-snippet":"max-snippet:-1","max-image-preview":"max-image-preview:large","max-video-preview":"max-video-preview:-1"},"canonical":"https:\/\/bierger.remich.lu\/ville-de-remich\/umwelt\/francais-gestion-des-dechets\/superdreckskescht\/","og_locale":"en_US","og_type":"article","og_title":"SuperDrecksK\u00ebscht\u00ae - Ville de Remich","og_description":"Leider g\u00ebtt et d\u00ebsen Inhalt n\u00ebmmen op FR an DE. For the sake of viewer convenience, the content is shown below in one of the available alternative languages. You may click one of the links to switch the site language to another available language.Les d\u00e9chets probl\u00e9matiques des m\u00e9nages priv\u00e9s peuvent \u00eatre d\u00e9pos\u00e9s dans les points... Read more &raquo;","og_url":"https:\/\/bierger.remich.lu\/ville-de-remich\/umwelt\/francais-gestion-des-dechets\/superdreckskescht\/","og_site_name":"Ville de Remich","article_modified_time":"2025-10-16T14:12:05+00:00","og_image":[{"width":512,"height":238,"url":"https:\/\/bierger.remich.lu\/wp-content\/uploads\/sites\/3\/2020\/11\/SDK_2.png","type":"image\/png"}],"twitter_card":"summary_large_image","twitter_misc":{"Est. reading time":"1 minute"},"schema":{"@context":"https:\/\/schema.org","@graph":[{"@type":"WebPage","@id":"https:\/\/bierger.remich.lu\/ville-de-remich\/umwelt\/francais-gestion-des-dechets\/superdreckskescht\/","url":"https:\/\/bierger.remich.lu\/ville-de-remich\/umwelt\/francais-gestion-des-dechets\/superdreckskescht\/","name":"SuperDrecksK\u00ebscht\u00ae - Ville de Remich","isPartOf":{"@id":"https:\/\/bierger.remich.lu\/de\/#website"},"primaryImageOfPage":{"@id":"https:\/\/bierger.remich.lu\/ville-de-remich\/umwelt\/francais-gestion-des-dechets\/superdreckskescht\/#primaryimage"},"image":{"@id":"https:\/\/bierger.remich.lu\/ville-de-remich\/umwelt\/francais-gestion-des-dechets\/superdreckskescht\/#primaryimage"},"thumbnailUrl":"https:\/\/bierger.remich.lu\/wp-content\/uploads\/sites\/3\/2020\/11\/SDK_2.png","datePublished":"2020-11-04T13:33:09+00:00","dateModified":"2025-10-16T14:12:05+00:00","breadcrumb":{"@id":"https:\/\/bierger.remich.lu\/ville-de-remich\/umwelt\/francais-gestion-des-dechets\/superdreckskescht\/#breadcrumb"},"inLanguage":"lb-LU","potentialAction":[{"@type":"ReadAction","target":["https:\/\/bierger.remich.lu\/ville-de-remich\/umwelt\/francais-gestion-des-dechets\/superdreckskescht\/"]}]},{"@type":"ImageObject","inLanguage":"lb-LU","@id":"https:\/\/bierger.remich.lu\/ville-de-remich\/umwelt\/francais-gestion-des-dechets\/superdreckskescht\/#primaryimage","url":"https:\/\/bierger.remich.lu\/wp-content\/uploads\/sites\/3\/2020\/11\/SDK_2.png","contentUrl":"https:\/\/bierger.remich.lu\/wp-content\/uploads\/sites\/3\/2020\/11\/SDK_2.png","width":512,"height":238},{"@type":"BreadcrumbList","@id":"https:\/\/bierger.remich.lu\/ville-de-remich\/umwelt\/francais-gestion-des-dechets\/superdreckskescht\/#breadcrumb","itemListElement":[{"@type":"ListItem","position":1,"name":"Startseite","item":"https:\/\/bierger.remich.lu\/de\/"},{"@type":"ListItem","position":2,"name":"Stadt Remich","item":"https:\/\/bierger.remich.lu\/de\/ville-de-remich\/"},{"@type":"ListItem","position":3,"name":"Umwelt","item":"https:\/\/bierger.remich.lu\/de\/ville-de-remich\/umwelt\/"},{"@type":"ListItem","position":4,"name":"Abfallentsorgung","item":"https:\/\/bierger.remich.lu\/ville-de-remich\/umwelt\/francais-gestion-des-dechets\/"},{"@type":"ListItem","position":5,"name":"SuperDrecksK\u00ebscht\u00ae"}]},{"@type":"WebSite","@id":"https:\/\/bierger.remich.lu\/de\/#website","url":"https:\/\/bierger.remich.lu\/de\/","name":"Ville de Remich","description":"","potentialAction":[{"@type":"SearchAction","target":{"@type":"EntryPoint","urlTemplate":"https:\/\/bierger.remich.lu\/de\/?s={search_term_string}"},"query-input":{"@type":"PropertyValueSpecification","valueRequired":true,"valueName":"search_term_string"}}],"inLanguage":"lb-LU"}]}},"_links":{"self":[{"href":"https:\/\/bierger.remich.lu\/lb\/wp-json\/wp\/v2\/pages\/6978","targetHints":{"allow":["GET"]}}],"collection":[{"href":"https:\/\/bierger.remich.lu\/lb\/wp-json\/wp\/v2\/pages"}],"about":[{"href":"https:\/\/bierger.remich.lu\/lb\/wp-json\/wp\/v2\/types\/page"}],"author":[{"embeddable":true,"href":"https:\/\/bierger.remich.lu\/lb\/wp-json\/wp\/v2\/users\/4"}],"replies":[{"embeddable":true,"href":"https:\/\/bierger.remich.lu\/lb\/wp-json\/wp\/v2\/comments?post=6978"}],"version-history":[{"count":5,"href":"https:\/\/bierger.remich.lu\/lb\/wp-json\/wp\/v2\/pages\/6978\/revisions"}],"predecessor-version":[{"id":18591,"href":"https:\/\/bierger.remich.lu\/lb\/wp-json\/wp\/v2\/pages\/6978\/revisions\/18591"}],"up":[{"embeddable":true,"href":"https:\/\/bierger.remich.lu\/lb\/wp-json\/wp\/v2\/pages\/1262"}],"wp:featuredmedia":[{"embeddable":true,"href":"https:\/\/bierger.remich.lu\/lb\/wp-json\/wp\/v2\/media\/6983"}],"wp:attachment":[{"href":"https:\/\/bierger.remich.lu\/lb\/wp-json\/wp\/v2\/media?parent=6978"}],"curies":[{"name":"wp","href":"https:\/\/api.w.org\/{rel}","templated":true}]}}