{"id":6987,"date":"2020-11-04T15:12:44","date_gmt":"2020-11-04T14:12:44","guid":{"rendered":"http:\/\/bierger.remich.lu\/?page_id=6987"},"modified":"2025-06-05T08:10:47","modified_gmt":"2025-06-05T06:10:47","slug":"abfallsammlungen","status":"publish","type":"page","link":"https:\/\/bierger.remich.lu\/lb\/ville-de-remich\/umwelt\/francais-gestion-des-dechets\/abfallsammlungen\/","title":{"rendered":"Offallsammlungen"},"content":{"rendered":"<h2>Haus-zu-Haus-Sammlunge:<\/h2>\n<ul>\n<li>Plastik (Valorlux)<\/li>\n<li>Pabeier<\/li>\n<li>Glas<\/li>\n<li>Hausm\u00fcll<\/li>\n<li>Biom\u00fcll<\/li>\n<li>Gaardenoff\u00e4ll (vun Abr\u00ebll bis M\u00ebtt November)<\/li>\n<\/ul>\n<p>D&#8217;Offallbeh\u00e4lter a Schl\u00e4sser fir drop, sou w\u00e9i och Containere k\u00ebnnen am Biergerzenter vun der Stad R\u00e9imech mat dem entspriechende Formulaire bestallt ginn.<\/p>\n<p>D&#8217;Firma Lamesch bitt och e Botzservice fir d&#8217;Beh\u00e4lteren un. Ufroe ginn direkt bei der Firma Lamesch gemaach.<\/p>\n<p>M\u00e9i Informatioune fannt Dir an onser Offallbrochure.<\/p>\n<h2>Offall-App | M\u00e4in Offall &#8211; Meng Ressourcen<\/h2>\n<p><img loading=\"lazy\" decoding=\"async\" class=\"alignnone wp-image-17449 \" src=\"https:\/\/bierger.remich.lu\/wp-content\/uploads\/sites\/3\/2025\/06\/Poster-A6-LU-72dpi.jpg\" alt=\"\" width=\"778\" height=\"1096\" srcset=\"https:\/\/bierger.remich.lu\/wp-content\/uploads\/sites\/3\/2025\/06\/Poster-A6-LU-72dpi.jpg 827w, https:\/\/bierger.remich.lu\/wp-content\/uploads\/sites\/3\/2025\/06\/Poster-A6-LU-72dpi-213x300.jpg 213w, https:\/\/bierger.remich.lu\/wp-content\/uploads\/sites\/3\/2025\/06\/Poster-A6-LU-72dpi-727x1024.jpg 727w\" sizes=\"auto, (max-width: 778px) 100vw, 778px\" \/>","protected":false},"excerpt":{"rendered":"<p>Haus-zu-Haus-Sammlunge: Plastik (Valorlux) Pabeier Glas Hausm\u00fcll Biom\u00fcll Gaardenoff\u00e4ll (vun Abr\u00ebll bis M\u00ebtt November) D&#8217;Offallbeh\u00e4lter a Schl\u00e4sser fir drop, sou w\u00e9i och Containere k\u00ebnnen am Biergerzenter vun der Stad R\u00e9imech mat dem entspriechende Formulaire bestallt ginn. D&#8217;Firma Lamesch bitt och e Botzservice fir d&#8217;Beh\u00e4lteren un. Ufroe ginn direkt bei der Firma Lamesch gemaach. M\u00e9i Informatioune fannt&#8230;  <a class=\"excerpt-read-more\" href=\"https:\/\/bierger.remich.lu\/lb\/ville-de-remich\/umwelt\/francais-gestion-des-dechets\/abfallsammlungen\/\" title=\"ReadOffallsammlungen\">Read more &raquo;<\/a><\/p>\n","protected":false},"author":4,"featured_media":0,"parent":1262,"menu_order":24,"comment_status":"closed","ping_status":"closed","template":"","meta":{"_acf_changed":false,"xn-wppe-expiration":[],"xn-wppe-expiration-action":[],"xn-wppe-expiration-prefix":[],"footnotes":"","_links_to":"","_links_to_target":""},"class_list":["post-6987","page","type-page","status-publish","hentry","keyword-abfall","keyword-mulleimer","keyword-recyclage","keyword-valorlux"],"acf":[],"yoast_head":"<!-- This site is optimized with the Yoast SEO plugin v26.7 - https:\/\/yoast.com\/wordpress\/plugins\/seo\/ -->\n<title>Offallsammlungen - Ville de Remich<\/title>\n<meta name=\"robots\" content=\"index, follow, max-snippet:-1, max-image-preview:large, max-video-preview:-1\" \/>\n<link rel=\"canonical\" href=\"https:\/\/bierger.remich.lu\/ville-de-remich\/umwelt\/francais-gestion-des-dechets\/abfallsammlungen\/\" \/>\n<meta property=\"og:locale\" content=\"en_US\" \/>\n<meta property=\"og:type\" content=\"article\" \/>\n<meta property=\"og:title\" content=\"Offallsammlungen - Ville de Remich\" \/>\n<meta property=\"og:description\" content=\"Haus-zu-Haus-Sammlunge: Plastik (Valorlux) Pabeier Glas Hausm\u00fcll Biom\u00fcll Gaardenoff\u00e4ll (vun Abr\u00ebll bis M\u00ebtt November) D&#8217;Offallbeh\u00e4lter a Schl\u00e4sser fir drop, sou w\u00e9i och Containere k\u00ebnnen am Biergerzenter vun der Stad R\u00e9imech mat dem entspriechende Formulaire bestallt ginn. D&#8217;Firma Lamesch bitt och e Botzservice fir d&#8217;Beh\u00e4lteren un. Ufroe ginn direkt bei der Firma Lamesch gemaach. M\u00e9i Informatioune fannt... Read more &raquo;\" \/>\n<meta property=\"og:url\" content=\"https:\/\/bierger.remich.lu\/ville-de-remich\/umwelt\/francais-gestion-des-dechets\/abfallsammlungen\/\" \/>\n<meta property=\"og:site_name\" content=\"Ville de Remich\" \/>\n<meta property=\"article:modified_time\" content=\"2025-06-05T06:10:47+00:00\" \/>\n<meta property=\"og:image\" content=\"https:\/\/bierger.remich.lu\/wp-content\/uploads\/sites\/3\/2025\/06\/Poster-A6-LU-72dpi.jpg\" \/>\n<meta name=\"twitter:card\" content=\"summary_large_image\" \/>\n<meta name=\"twitter:label1\" content=\"Est. reading time\" \/>\n\t<meta name=\"twitter:data1\" content=\"2 minutes\" \/>\n<script type=\"application\/ld+json\" class=\"yoast-schema-graph\">{\"@context\":\"https:\/\/schema.org\",\"@graph\":[{\"@type\":\"WebPage\",\"@id\":\"https:\/\/bierger.remich.lu\/ville-de-remich\/umwelt\/francais-gestion-des-dechets\/abfallsammlungen\/\",\"url\":\"https:\/\/bierger.remich.lu\/ville-de-remich\/umwelt\/francais-gestion-des-dechets\/abfallsammlungen\/\",\"name\":\"Offallsammlungen - Ville de Remich\",\"isPartOf\":{\"@id\":\"https:\/\/bierger.remich.lu\/de\/#website\"},\"primaryImageOfPage\":{\"@id\":\"https:\/\/bierger.remich.lu\/ville-de-remich\/umwelt\/francais-gestion-des-dechets\/abfallsammlungen\/#primaryimage\"},\"image\":{\"@id\":\"https:\/\/bierger.remich.lu\/ville-de-remich\/umwelt\/francais-gestion-des-dechets\/abfallsammlungen\/#primaryimage\"},\"thumbnailUrl\":\"https:\/\/bierger.remich.lu\/wp-content\/uploads\/sites\/3\/2025\/06\/Poster-A6-LU-72dpi.jpg\",\"datePublished\":\"2020-11-04T14:12:44+00:00\",\"dateModified\":\"2025-06-05T06:10:47+00:00\",\"breadcrumb\":{\"@id\":\"https:\/\/bierger.remich.lu\/ville-de-remich\/umwelt\/francais-gestion-des-dechets\/abfallsammlungen\/#breadcrumb\"},\"inLanguage\":\"lb-LU\",\"potentialAction\":[{\"@type\":\"ReadAction\",\"target\":[\"https:\/\/bierger.remich.lu\/ville-de-remich\/umwelt\/francais-gestion-des-dechets\/abfallsammlungen\/\"]}]},{\"@type\":\"ImageObject\",\"inLanguage\":\"lb-LU\",\"@id\":\"https:\/\/bierger.remich.lu\/ville-de-remich\/umwelt\/francais-gestion-des-dechets\/abfallsammlungen\/#primaryimage\",\"url\":\"https:\/\/bierger.remich.lu\/wp-content\/uploads\/sites\/3\/2025\/06\/Poster-A6-LU-72dpi.jpg\",\"contentUrl\":\"https:\/\/bierger.remich.lu\/wp-content\/uploads\/sites\/3\/2025\/06\/Poster-A6-LU-72dpi.jpg\"},{\"@type\":\"BreadcrumbList\",\"@id\":\"https:\/\/bierger.remich.lu\/ville-de-remich\/umwelt\/francais-gestion-des-dechets\/abfallsammlungen\/#breadcrumb\",\"itemListElement\":[{\"@type\":\"ListItem\",\"position\":1,\"name\":\"Startseite\",\"item\":\"https:\/\/bierger.remich.lu\/de\/\"},{\"@type\":\"ListItem\",\"position\":2,\"name\":\"Stadt Remich\",\"item\":\"https:\/\/bierger.remich.lu\/de\/ville-de-remich\/\"},{\"@type\":\"ListItem\",\"position\":3,\"name\":\"Umwelt\",\"item\":\"https:\/\/bierger.remich.lu\/de\/ville-de-remich\/umwelt\/\"},{\"@type\":\"ListItem\",\"position\":4,\"name\":\"Abfallentsorgung\",\"item\":\"https:\/\/bierger.remich.lu\/ville-de-remich\/umwelt\/francais-gestion-des-dechets\/\"},{\"@type\":\"ListItem\",\"position\":5,\"name\":\"Abfallsammlungen\"}]},{\"@type\":\"WebSite\",\"@id\":\"https:\/\/bierger.remich.lu\/de\/#website\",\"url\":\"https:\/\/bierger.remich.lu\/de\/\",\"name\":\"Ville de Remich\",\"description\":\"\",\"potentialAction\":[{\"@type\":\"SearchAction\",\"target\":{\"@type\":\"EntryPoint\",\"urlTemplate\":\"https:\/\/bierger.remich.lu\/de\/?s={search_term_string}\"},\"query-input\":{\"@type\":\"PropertyValueSpecification\",\"valueRequired\":true,\"valueName\":\"search_term_string\"}}],\"inLanguage\":\"lb-LU\"}]}<\/script>\n<!-- \/ Yoast SEO plugin. -->","yoast_head_json":{"title":"Offallsammlungen - Ville de Remich","robots":{"index":"index","follow":"follow","max-snippet":"max-snippet:-1","max-image-preview":"max-image-preview:large","max-video-preview":"max-video-preview:-1"},"canonical":"https:\/\/bierger.remich.lu\/ville-de-remich\/umwelt\/francais-gestion-des-dechets\/abfallsammlungen\/","og_locale":"en_US","og_type":"article","og_title":"Offallsammlungen - Ville de Remich","og_description":"Haus-zu-Haus-Sammlunge: Plastik (Valorlux) Pabeier Glas Hausm\u00fcll Biom\u00fcll Gaardenoff\u00e4ll (vun Abr\u00ebll bis M\u00ebtt November) D&#8217;Offallbeh\u00e4lter a Schl\u00e4sser fir drop, sou w\u00e9i och Containere k\u00ebnnen am Biergerzenter vun der Stad R\u00e9imech mat dem entspriechende Formulaire bestallt ginn. D&#8217;Firma Lamesch bitt och e Botzservice fir d&#8217;Beh\u00e4lteren un. Ufroe ginn direkt bei der Firma Lamesch gemaach. M\u00e9i Informatioune fannt... Read more &raquo;","og_url":"https:\/\/bierger.remich.lu\/ville-de-remich\/umwelt\/francais-gestion-des-dechets\/abfallsammlungen\/","og_site_name":"Ville de Remich","article_modified_time":"2025-06-05T06:10:47+00:00","og_image":[{"url":"https:\/\/bierger.remich.lu\/wp-content\/uploads\/sites\/3\/2025\/06\/Poster-A6-LU-72dpi.jpg","type":"","width":"","height":""}],"twitter_card":"summary_large_image","twitter_misc":{"Est. reading time":"2 minutes"},"schema":{"@context":"https:\/\/schema.org","@graph":[{"@type":"WebPage","@id":"https:\/\/bierger.remich.lu\/ville-de-remich\/umwelt\/francais-gestion-des-dechets\/abfallsammlungen\/","url":"https:\/\/bierger.remich.lu\/ville-de-remich\/umwelt\/francais-gestion-des-dechets\/abfallsammlungen\/","name":"Offallsammlungen - Ville de Remich","isPartOf":{"@id":"https:\/\/bierger.remich.lu\/de\/#website"},"primaryImageOfPage":{"@id":"https:\/\/bierger.remich.lu\/ville-de-remich\/umwelt\/francais-gestion-des-dechets\/abfallsammlungen\/#primaryimage"},"image":{"@id":"https:\/\/bierger.remich.lu\/ville-de-remich\/umwelt\/francais-gestion-des-dechets\/abfallsammlungen\/#primaryimage"},"thumbnailUrl":"https:\/\/bierger.remich.lu\/wp-content\/uploads\/sites\/3\/2025\/06\/Poster-A6-LU-72dpi.jpg","datePublished":"2020-11-04T14:12:44+00:00","dateModified":"2025-06-05T06:10:47+00:00","breadcrumb":{"@id":"https:\/\/bierger.remich.lu\/ville-de-remich\/umwelt\/francais-gestion-des-dechets\/abfallsammlungen\/#breadcrumb"},"inLanguage":"lb-LU","potentialAction":[{"@type":"ReadAction","target":["https:\/\/bierger.remich.lu\/ville-de-remich\/umwelt\/francais-gestion-des-dechets\/abfallsammlungen\/"]}]},{"@type":"ImageObject","inLanguage":"lb-LU","@id":"https:\/\/bierger.remich.lu\/ville-de-remich\/umwelt\/francais-gestion-des-dechets\/abfallsammlungen\/#primaryimage","url":"https:\/\/bierger.remich.lu\/wp-content\/uploads\/sites\/3\/2025\/06\/Poster-A6-LU-72dpi.jpg","contentUrl":"https:\/\/bierger.remich.lu\/wp-content\/uploads\/sites\/3\/2025\/06\/Poster-A6-LU-72dpi.jpg"},{"@type":"BreadcrumbList","@id":"https:\/\/bierger.remich.lu\/ville-de-remich\/umwelt\/francais-gestion-des-dechets\/abfallsammlungen\/#breadcrumb","itemListElement":[{"@type":"ListItem","position":1,"name":"Startseite","item":"https:\/\/bierger.remich.lu\/de\/"},{"@type":"ListItem","position":2,"name":"Stadt Remich","item":"https:\/\/bierger.remich.lu\/de\/ville-de-remich\/"},{"@type":"ListItem","position":3,"name":"Umwelt","item":"https:\/\/bierger.remich.lu\/de\/ville-de-remich\/umwelt\/"},{"@type":"ListItem","position":4,"name":"Abfallentsorgung","item":"https:\/\/bierger.remich.lu\/ville-de-remich\/umwelt\/francais-gestion-des-dechets\/"},{"@type":"ListItem","position":5,"name":"Abfallsammlungen"}]},{"@type":"WebSite","@id":"https:\/\/bierger.remich.lu\/de\/#website","url":"https:\/\/bierger.remich.lu\/de\/","name":"Ville de Remich","description":"","potentialAction":[{"@type":"SearchAction","target":{"@type":"EntryPoint","urlTemplate":"https:\/\/bierger.remich.lu\/de\/?s={search_term_string}"},"query-input":{"@type":"PropertyValueSpecification","valueRequired":true,"valueName":"search_term_string"}}],"inLanguage":"lb-LU"}]}},"_links":{"self":[{"href":"https:\/\/bierger.remich.lu\/lb\/wp-json\/wp\/v2\/pages\/6987","targetHints":{"allow":["GET"]}}],"collection":[{"href":"https:\/\/bierger.remich.lu\/lb\/wp-json\/wp\/v2\/pages"}],"about":[{"href":"https:\/\/bierger.remich.lu\/lb\/wp-json\/wp\/v2\/types\/page"}],"author":[{"embeddable":true,"href":"https:\/\/bierger.remich.lu\/lb\/wp-json\/wp\/v2\/users\/4"}],"replies":[{"embeddable":true,"href":"https:\/\/bierger.remich.lu\/lb\/wp-json\/wp\/v2\/comments?post=6987"}],"version-history":[{"count":6,"href":"https:\/\/bierger.remich.lu\/lb\/wp-json\/wp\/v2\/pages\/6987\/revisions"}],"predecessor-version":[{"id":17451,"href":"https:\/\/bierger.remich.lu\/lb\/wp-json\/wp\/v2\/pages\/6987\/revisions\/17451"}],"up":[{"embeddable":true,"href":"https:\/\/bierger.remich.lu\/lb\/wp-json\/wp\/v2\/pages\/1262"}],"wp:attachment":[{"href":"https:\/\/bierger.remich.lu\/lb\/wp-json\/wp\/v2\/media?parent=6987"}],"curies":[{"name":"wp","href":"https:\/\/api.w.org\/{rel}","templated":true}]}}