{"id":70,"date":"2016-08-17T14:51:19","date_gmt":"2016-08-17T13:51:19","guid":{"rendered":"http:\/\/reimech.lu\/?page_id=70"},"modified":"2020-01-09T16:32:44","modified_gmt":"2020-01-09T15:32:44","slug":"francais-mobilite","status":"publish","type":"page","link":"https:\/\/bierger.remich.lu\/lb\/services-au-citoyen\/francais-mobilite\/","title":{"rendered":"Mobilit\u00e9"},"content":{"rendered":"<p class=\"qtranxs-available-languages-message qtranxs-available-languages-message-lb\">Leider g\u00ebtt et d\u00ebsen Inhalt n\u00ebmmen op <a href=\"https:\/\/bierger.remich.lu\/fr\/wp-json\/wp\/v2\/pages\/70\" class=\"qtranxs-available-language-link qtranxs-available-language-link-fr\" title=\"FR\">FR<\/a> an <a href=\"https:\/\/bierger.remich.lu\/de\/wp-json\/wp\/v2\/pages\/70\" class=\"qtranxs-available-language-link qtranxs-available-language-link-de\" title=\"DE\">DE<\/a>. For the sake of viewer convenience, the content is shown below in one of the available alternative languages. You may click one of the links to switch the site language to another available language.<\/p>Cette partie est d\u00e9di\u00e9e \u00e0 la mobilit\u00e9 dans et autour de la Ville de Remich:<\/p>\n<ul>\n<li><a href=\"http:\/\/reimech.lu\/fr\/services-au-citoyen\/francais-mobilite\/francais-drauwi\/\">Drauwi &amp; transport scolaire<\/a><\/li>\n<li><a href=\"http:\/\/reimech.lu\/fr\/services-au-citoyen\/francais-mobilite\/francais-navette\/\">Navette<\/a><\/li>\n<li><a href=\"http:\/\/reimech.lu\/fr\/services-au-citoyen\/francais-mobilite\/francais-nightlifebus\/\">Nightlifebus<\/a><\/li>\n<li><a href=\"http:\/\/reimech.lu\/fr\/services-au-citoyen\/francais-mobilite\/francais-night-rider\/\">Night Rider<\/a><\/li>\n<li><a href=\"http:\/\/reimech.lu\/fr\/services-au-citoyen\/francais-mobilite\/francais-rent-a-bike\/\">Rent a bike<\/a><\/li>\n<li><a href=\"http:\/\/reimech.lu\/fr\/services-au-citoyen\/francais-mobilite\/francais-rent-a-bike\/\">Schengi-Bicherth\u00e9ik<\/a><\/li>\n<li><a href=\"http:\/\/reimech.lu\/fr\/services-au-citoyen\/francais-mobilite\/francais-taxi\/\">Taxi<\/a><\/li>\n<li><a href=\"http:\/\/reimech.lu\/fr\/services-au-citoyen\/francais-mobilite\/francais-transports-publics\/\">Transport public<\/a><\/li>\n<\/ul>","protected":false},"excerpt":{"rendered":"<p>Leider g\u00ebtt et d\u00ebsen Inhalt n\u00ebmmen op FR an DE. For the sake of viewer convenience, the content is shown below in one of the available alternative languages. You may click one of the links to switch the site language to another available language.Cette partie est d\u00e9di\u00e9e \u00e0 la mobilit\u00e9 dans et autour de la&#8230;  <a class=\"excerpt-read-more\" href=\"https:\/\/bierger.remich.lu\/lb\/services-au-citoyen\/francais-mobilite\/\" title=\"ReadMobilit\u00e9\">Read more &raquo;<\/a><\/p>\n","protected":false},"author":1,"featured_media":2120,"parent":15,"menu_order":51,"comment_status":"closed","ping_status":"closed","template":"","meta":{"_acf_changed":false,"xn-wppe-expiration":[],"xn-wppe-expiration-action":[],"xn-wppe-expiration-prefix":[],"footnotes":"","_links_to":"","_links_to_target":""},"class_list":["post-70","page","type-page","status-publish","has-post-thumbnail","hentry","keyword-mobilitat"],"acf":[],"yoast_head":"<!-- This site is optimized with the Yoast SEO plugin v26.7 - https:\/\/yoast.com\/wordpress\/plugins\/seo\/ -->\n<title>Mobilit\u00e9 - Ville de Remich<\/title>\n<meta name=\"robots\" content=\"index, follow, max-snippet:-1, max-image-preview:large, max-video-preview:-1\" \/>\n<link rel=\"canonical\" href=\"https:\/\/bierger.remich.lu\/de\/services-au-citoyen\/francais-mobilite\/\" \/>\n<meta property=\"og:locale\" content=\"en_US\" \/>\n<meta property=\"og:type\" content=\"article\" \/>\n<meta property=\"og:title\" content=\"Mobilit\u00e9 - Ville de Remich\" \/>\n<meta property=\"og:description\" content=\"Leider g\u00ebtt et d\u00ebsen Inhalt n\u00ebmmen op FR an DE. For the sake of viewer convenience, the content is shown below in one of the available alternative languages. You may click one of the links to switch the site language to another available language.Cette partie est d\u00e9di\u00e9e \u00e0 la mobilit\u00e9 dans et autour de la... Read more &raquo;\" \/>\n<meta property=\"og:url\" content=\"https:\/\/bierger.remich.lu\/de\/services-au-citoyen\/francais-mobilite\/\" \/>\n<meta property=\"og:site_name\" content=\"Ville de Remich\" \/>\n<meta property=\"article:modified_time\" content=\"2020-01-09T15:32:44+00:00\" \/>\n<meta property=\"og:image\" content=\"https:\/\/bierger.remich.lu\/wp-content\/uploads\/sites\/3\/2016\/08\/mike-kotsch-236623.jpg\" \/>\n\t<meta property=\"og:image:width\" content=\"4896\" \/>\n\t<meta property=\"og:image:height\" content=\"3264\" \/>\n\t<meta property=\"og:image:type\" content=\"image\/jpeg\" \/>\n<meta name=\"twitter:card\" content=\"summary_large_image\" \/>\n<script type=\"application\/ld+json\" class=\"yoast-schema-graph\">{\"@context\":\"https:\/\/schema.org\",\"@graph\":[{\"@type\":\"WebPage\",\"@id\":\"https:\/\/bierger.remich.lu\/de\/services-au-citoyen\/francais-mobilite\/\",\"url\":\"https:\/\/bierger.remich.lu\/de\/services-au-citoyen\/francais-mobilite\/\",\"name\":\"Mobilit\u00e9 - Ville de Remich\",\"isPartOf\":{\"@id\":\"https:\/\/bierger.remich.lu\/de\/#website\"},\"primaryImageOfPage\":{\"@id\":\"https:\/\/bierger.remich.lu\/de\/services-au-citoyen\/francais-mobilite\/#primaryimage\"},\"image\":{\"@id\":\"https:\/\/bierger.remich.lu\/de\/services-au-citoyen\/francais-mobilite\/#primaryimage\"},\"thumbnailUrl\":\"https:\/\/bierger.remich.lu\/wp-content\/uploads\/sites\/3\/2016\/08\/mike-kotsch-236623.jpg\",\"datePublished\":\"2016-08-17T13:51:19+00:00\",\"dateModified\":\"2020-01-09T15:32:44+00:00\",\"breadcrumb\":{\"@id\":\"https:\/\/bierger.remich.lu\/de\/services-au-citoyen\/francais-mobilite\/#breadcrumb\"},\"inLanguage\":\"lb-LU\",\"potentialAction\":[{\"@type\":\"ReadAction\",\"target\":[\"https:\/\/bierger.remich.lu\/de\/services-au-citoyen\/francais-mobilite\/\"]}]},{\"@type\":\"ImageObject\",\"inLanguage\":\"lb-LU\",\"@id\":\"https:\/\/bierger.remich.lu\/de\/services-au-citoyen\/francais-mobilite\/#primaryimage\",\"url\":\"https:\/\/bierger.remich.lu\/wp-content\/uploads\/sites\/3\/2016\/08\/mike-kotsch-236623.jpg\",\"contentUrl\":\"https:\/\/bierger.remich.lu\/wp-content\/uploads\/sites\/3\/2016\/08\/mike-kotsch-236623.jpg\",\"width\":4896,\"height\":3264},{\"@type\":\"BreadcrumbList\",\"@id\":\"https:\/\/bierger.remich.lu\/de\/services-au-citoyen\/francais-mobilite\/#breadcrumb\",\"itemListElement\":[{\"@type\":\"ListItem\",\"position\":1,\"name\":\"Startseite\",\"item\":\"https:\/\/bierger.remich.lu\/de\/\"},{\"@type\":\"ListItem\",\"position\":2,\"name\":\"B\u00fcrgerdienste\",\"item\":\"https:\/\/bierger.remich.lu\/de\/services-au-citoyen\/\"},{\"@type\":\"ListItem\",\"position\":3,\"name\":\"Mobilit\u00e4t\"}]},{\"@type\":\"WebSite\",\"@id\":\"https:\/\/bierger.remich.lu\/de\/#website\",\"url\":\"https:\/\/bierger.remich.lu\/de\/\",\"name\":\"Ville de Remich\",\"description\":\"\",\"potentialAction\":[{\"@type\":\"SearchAction\",\"target\":{\"@type\":\"EntryPoint\",\"urlTemplate\":\"https:\/\/bierger.remich.lu\/de\/?s={search_term_string}\"},\"query-input\":{\"@type\":\"PropertyValueSpecification\",\"valueRequired\":true,\"valueName\":\"search_term_string\"}}],\"inLanguage\":\"lb-LU\"}]}<\/script>\n<!-- \/ Yoast SEO plugin. -->","yoast_head_json":{"title":"Mobilit\u00e9 - Ville de Remich","robots":{"index":"index","follow":"follow","max-snippet":"max-snippet:-1","max-image-preview":"max-image-preview:large","max-video-preview":"max-video-preview:-1"},"canonical":"https:\/\/bierger.remich.lu\/de\/services-au-citoyen\/francais-mobilite\/","og_locale":"en_US","og_type":"article","og_title":"Mobilit\u00e9 - Ville de Remich","og_description":"Leider g\u00ebtt et d\u00ebsen Inhalt n\u00ebmmen op FR an DE. For the sake of viewer convenience, the content is shown below in one of the available alternative languages. You may click one of the links to switch the site language to another available language.Cette partie est d\u00e9di\u00e9e \u00e0 la mobilit\u00e9 dans et autour de la... Read more &raquo;","og_url":"https:\/\/bierger.remich.lu\/de\/services-au-citoyen\/francais-mobilite\/","og_site_name":"Ville de Remich","article_modified_time":"2020-01-09T15:32:44+00:00","og_image":[{"width":4896,"height":3264,"url":"https:\/\/bierger.remich.lu\/wp-content\/uploads\/sites\/3\/2016\/08\/mike-kotsch-236623.jpg","type":"image\/jpeg"}],"twitter_card":"summary_large_image","schema":{"@context":"https:\/\/schema.org","@graph":[{"@type":"WebPage","@id":"https:\/\/bierger.remich.lu\/de\/services-au-citoyen\/francais-mobilite\/","url":"https:\/\/bierger.remich.lu\/de\/services-au-citoyen\/francais-mobilite\/","name":"Mobilit\u00e9 - Ville de Remich","isPartOf":{"@id":"https:\/\/bierger.remich.lu\/de\/#website"},"primaryImageOfPage":{"@id":"https:\/\/bierger.remich.lu\/de\/services-au-citoyen\/francais-mobilite\/#primaryimage"},"image":{"@id":"https:\/\/bierger.remich.lu\/de\/services-au-citoyen\/francais-mobilite\/#primaryimage"},"thumbnailUrl":"https:\/\/bierger.remich.lu\/wp-content\/uploads\/sites\/3\/2016\/08\/mike-kotsch-236623.jpg","datePublished":"2016-08-17T13:51:19+00:00","dateModified":"2020-01-09T15:32:44+00:00","breadcrumb":{"@id":"https:\/\/bierger.remich.lu\/de\/services-au-citoyen\/francais-mobilite\/#breadcrumb"},"inLanguage":"lb-LU","potentialAction":[{"@type":"ReadAction","target":["https:\/\/bierger.remich.lu\/de\/services-au-citoyen\/francais-mobilite\/"]}]},{"@type":"ImageObject","inLanguage":"lb-LU","@id":"https:\/\/bierger.remich.lu\/de\/services-au-citoyen\/francais-mobilite\/#primaryimage","url":"https:\/\/bierger.remich.lu\/wp-content\/uploads\/sites\/3\/2016\/08\/mike-kotsch-236623.jpg","contentUrl":"https:\/\/bierger.remich.lu\/wp-content\/uploads\/sites\/3\/2016\/08\/mike-kotsch-236623.jpg","width":4896,"height":3264},{"@type":"BreadcrumbList","@id":"https:\/\/bierger.remich.lu\/de\/services-au-citoyen\/francais-mobilite\/#breadcrumb","itemListElement":[{"@type":"ListItem","position":1,"name":"Startseite","item":"https:\/\/bierger.remich.lu\/de\/"},{"@type":"ListItem","position":2,"name":"B\u00fcrgerdienste","item":"https:\/\/bierger.remich.lu\/de\/services-au-citoyen\/"},{"@type":"ListItem","position":3,"name":"Mobilit\u00e4t"}]},{"@type":"WebSite","@id":"https:\/\/bierger.remich.lu\/de\/#website","url":"https:\/\/bierger.remich.lu\/de\/","name":"Ville de Remich","description":"","potentialAction":[{"@type":"SearchAction","target":{"@type":"EntryPoint","urlTemplate":"https:\/\/bierger.remich.lu\/de\/?s={search_term_string}"},"query-input":{"@type":"PropertyValueSpecification","valueRequired":true,"valueName":"search_term_string"}}],"inLanguage":"lb-LU"}]}},"_links":{"self":[{"href":"https:\/\/bierger.remich.lu\/lb\/wp-json\/wp\/v2\/pages\/70","targetHints":{"allow":["GET"]}}],"collection":[{"href":"https:\/\/bierger.remich.lu\/lb\/wp-json\/wp\/v2\/pages"}],"about":[{"href":"https:\/\/bierger.remich.lu\/lb\/wp-json\/wp\/v2\/types\/page"}],"author":[{"embeddable":true,"href":"https:\/\/bierger.remich.lu\/lb\/wp-json\/wp\/v2\/users\/1"}],"replies":[{"embeddable":true,"href":"https:\/\/bierger.remich.lu\/lb\/wp-json\/wp\/v2\/comments?post=70"}],"version-history":[{"count":7,"href":"https:\/\/bierger.remich.lu\/lb\/wp-json\/wp\/v2\/pages\/70\/revisions"}],"predecessor-version":[{"id":2434,"href":"https:\/\/bierger.remich.lu\/lb\/wp-json\/wp\/v2\/pages\/70\/revisions\/2434"}],"up":[{"embeddable":true,"href":"https:\/\/bierger.remich.lu\/lb\/wp-json\/wp\/v2\/pages\/15"}],"wp:featuredmedia":[{"embeddable":true,"href":"https:\/\/bierger.remich.lu\/lb\/wp-json\/wp\/v2\/media\/2120"}],"wp:attachment":[{"href":"https:\/\/bierger.remich.lu\/lb\/wp-json\/wp\/v2\/media?parent=70"}],"curies":[{"name":"wp","href":"https:\/\/api.w.org\/{rel}","templated":true}]}}