{"id":8487,"date":"2022-03-24T10:02:40","date_gmt":"2022-03-24T09:02:40","guid":{"rendered":"http:\/\/bierger.remich.lu\/?page_id=8487"},"modified":"2023-03-15T10:32:24","modified_gmt":"2023-03-15T09:32:24","slug":"gutscheinsystem-fur-kinderbetreuung-csa","status":"publish","type":"page","link":"https:\/\/bierger.remich.lu\/lb\/ville-de-remich\/schulwesen\/gutscheinsystem-fur-kinderbetreuung-csa\/","title":{"rendered":"Ch\u00e8que-service (CSA)"},"content":{"rendered":"<p class=\"mb-20\">Fir vum CSA-System k\u00ebnnen ze profit\u00e9ieren, <em><strong>mussen d\u2019Eltere bei der Gemeng eng CSA-Kaart ufroen<\/strong><\/em>, d\u00e9i op den Numm vum Kand ausgestallt g\u00ebtt.<\/p>\n<p class=\"mb-20\"><em><strong>Elteren, d\u00e9i net zu L\u00ebtzebuerg wunnen<\/strong><\/em>, mussen sech un d\u2019Keess fir d\u2019Zukunft vum Kand (Caisse pour l\u2019avenir des enfants) adress\u00e9ieren.<\/p>\n<p class=\"mb-20\">D\u2019myCard fir Kanner erlaabt den Zougang zum ges\u00e9cherte Ber\u00e4ich vun der Internets\u00e4it www.staarkkanner.lu, d\u00e9i eng Rei vu Funktionalit\u00e9iten a Virdeeler ubitt :<\/p>\n<div class=\"dng-list list-icon em-border\">\n<ul>\n<li><i class=\"fa fa-check\"><\/i>Zougang zum p\u00e4dagogesche Material, dat dem Alter vum Kand ugepasst ass,<\/li>\n<li><i class=\"fa fa-check\"><\/i>Abl\u00e9ck an d\u2019Rechnunge souw\u00e9i d\u2019Ofrechnunge vun all Mount vum CSA,<\/li>\n<li><i class=\"fa fa-check\"><\/i>Festlee\u00eb vun de Wochen am Kader vun der m\u00e9isproocheger Erz\u00e9iung (1 bis 4 Joer).<\/li>\n<\/ul>\n<\/div>\n<p class=\"mb-20\">D\u00ebs myCard g\u00ebllt fir d\u00e9i ganz Grondschoulz\u00e4it. Den CSA-B\u00e4itr\u00ebttskontrakt g\u00ebtt zwar all Joer erneiert, ma et g\u00ebtt keng nei Kaart. Wann d\u2019myCard verluer geet, mussen d\u2019Elteren op d\u2019Gemeng resp. d\u2019Keess fir d\u2019Zukunft vum Kand (Caisse pour l\u2019avenir des enfants) goen an do eng nei Kaart ufroen.<\/p>\n<p><strong><em>M\u00e9i Infoen um Site vum <a href=\"https:\/\/men.public.lu\/lb\/enfance.html\">Minist\u00e8re de l&#8217;Education, de l&#8217;Enfance et de la Jeunesse<\/a>.\u00a0<\/em><\/strong>","protected":false},"excerpt":{"rendered":"<p>Fir vum CSA-System k\u00ebnnen ze profit\u00e9ieren, mussen d\u2019Eltere bei der Gemeng eng CSA-Kaart ufroen, d\u00e9i op den Numm vum Kand ausgestallt g\u00ebtt. Elteren, d\u00e9i net zu L\u00ebtzebuerg wunnen, mussen sech un d\u2019Keess fir d\u2019Zukunft vum Kand (Caisse pour l\u2019avenir des enfants) adress\u00e9ieren. D\u2019myCard fir Kanner erlaabt den Zougang zum ges\u00e9cherte Ber\u00e4ich vun der Internets\u00e4it www.staarkkanner.lu,&#8230;  <a class=\"excerpt-read-more\" href=\"https:\/\/bierger.remich.lu\/lb\/ville-de-remich\/schulwesen\/gutscheinsystem-fur-kinderbetreuung-csa\/\" title=\"ReadCh\u00e8que-service (CSA)\">Read more &raquo;<\/a><\/p>\n","protected":false},"author":4,"featured_media":8488,"parent":1852,"menu_order":13,"comment_status":"closed","ping_status":"closed","template":"","meta":{"_acf_changed":false,"xn-wppe-expiration":[],"xn-wppe-expiration-action":[],"xn-wppe-expiration-prefix":[],"footnotes":"","_links_to":"","_links_to_target":""},"class_list":["post-8487","page","type-page","status-publish","has-post-thumbnail","hentry","keyword-ausbildung","keyword-kinder"],"acf":[],"yoast_head":"<!-- This site is optimized with the Yoast SEO plugin v26.7 - https:\/\/yoast.com\/wordpress\/plugins\/seo\/ -->\n<title>Ch\u00e8que-service (CSA) - Ville de Remich<\/title>\n<meta name=\"robots\" content=\"index, follow, max-snippet:-1, max-image-preview:large, max-video-preview:-1\" \/>\n<link rel=\"canonical\" href=\"https:\/\/bierger.remich.lu\/de\/ville-de-remich\/schulwesen\/gutscheinsystem-fur-kinderbetreuung-csa\/\" \/>\n<meta property=\"og:locale\" content=\"en_US\" \/>\n<meta property=\"og:type\" content=\"article\" \/>\n<meta property=\"og:title\" content=\"Ch\u00e8que-service (CSA) - Ville de Remich\" \/>\n<meta property=\"og:description\" content=\"Fir vum CSA-System k\u00ebnnen ze profit\u00e9ieren, mussen d\u2019Eltere bei der Gemeng eng CSA-Kaart ufroen, d\u00e9i op den Numm vum Kand ausgestallt g\u00ebtt. Elteren, d\u00e9i net zu L\u00ebtzebuerg wunnen, mussen sech un d\u2019Keess fir d\u2019Zukunft vum Kand (Caisse pour l\u2019avenir des enfants) adress\u00e9ieren. D\u2019myCard fir Kanner erlaabt den Zougang zum ges\u00e9cherte Ber\u00e4ich vun der Internets\u00e4it www.staarkkanner.lu,... Read more &raquo;\" \/>\n<meta property=\"og:url\" content=\"https:\/\/bierger.remich.lu\/de\/ville-de-remich\/schulwesen\/gutscheinsystem-fur-kinderbetreuung-csa\/\" \/>\n<meta property=\"og:site_name\" content=\"Ville de Remich\" \/>\n<meta property=\"article:modified_time\" content=\"2023-03-15T09:32:24+00:00\" \/>\n<meta property=\"og:image\" content=\"https:\/\/bierger.remich.lu\/wp-content\/uploads\/sites\/3\/2022\/03\/element5-digital-OyCl7Y4y0Bk-unsplash-scaled.jpg\" \/>\n\t<meta property=\"og:image:width\" content=\"2560\" \/>\n\t<meta property=\"og:image:height\" content=\"1807\" \/>\n\t<meta property=\"og:image:type\" content=\"image\/jpeg\" \/>\n<meta name=\"twitter:card\" content=\"summary_large_image\" \/>\n<meta name=\"twitter:label1\" content=\"Est. reading time\" \/>\n\t<meta name=\"twitter:data1\" content=\"3 minutes\" \/>\n<script type=\"application\/ld+json\" class=\"yoast-schema-graph\">{\"@context\":\"https:\/\/schema.org\",\"@graph\":[{\"@type\":\"WebPage\",\"@id\":\"https:\/\/bierger.remich.lu\/de\/ville-de-remich\/schulwesen\/gutscheinsystem-fur-kinderbetreuung-csa\/\",\"url\":\"https:\/\/bierger.remich.lu\/de\/ville-de-remich\/schulwesen\/gutscheinsystem-fur-kinderbetreuung-csa\/\",\"name\":\"Ch\u00e8que-service (CSA) - Ville de Remich\",\"isPartOf\":{\"@id\":\"https:\/\/bierger.remich.lu\/de\/#website\"},\"primaryImageOfPage\":{\"@id\":\"https:\/\/bierger.remich.lu\/de\/ville-de-remich\/schulwesen\/gutscheinsystem-fur-kinderbetreuung-csa\/#primaryimage\"},\"image\":{\"@id\":\"https:\/\/bierger.remich.lu\/de\/ville-de-remich\/schulwesen\/gutscheinsystem-fur-kinderbetreuung-csa\/#primaryimage\"},\"thumbnailUrl\":\"https:\/\/bierger.remich.lu\/wp-content\/uploads\/sites\/3\/2022\/03\/element5-digital-OyCl7Y4y0Bk-unsplash-scaled.jpg\",\"datePublished\":\"2022-03-24T09:02:40+00:00\",\"dateModified\":\"2023-03-15T09:32:24+00:00\",\"breadcrumb\":{\"@id\":\"https:\/\/bierger.remich.lu\/de\/ville-de-remich\/schulwesen\/gutscheinsystem-fur-kinderbetreuung-csa\/#breadcrumb\"},\"inLanguage\":\"lb-LU\",\"potentialAction\":[{\"@type\":\"ReadAction\",\"target\":[\"https:\/\/bierger.remich.lu\/de\/ville-de-remich\/schulwesen\/gutscheinsystem-fur-kinderbetreuung-csa\/\"]}]},{\"@type\":\"ImageObject\",\"inLanguage\":\"lb-LU\",\"@id\":\"https:\/\/bierger.remich.lu\/de\/ville-de-remich\/schulwesen\/gutscheinsystem-fur-kinderbetreuung-csa\/#primaryimage\",\"url\":\"https:\/\/bierger.remich.lu\/wp-content\/uploads\/sites\/3\/2022\/03\/element5-digital-OyCl7Y4y0Bk-unsplash-scaled.jpg\",\"contentUrl\":\"https:\/\/bierger.remich.lu\/wp-content\/uploads\/sites\/3\/2022\/03\/element5-digital-OyCl7Y4y0Bk-unsplash-scaled.jpg\",\"width\":2560,\"height\":1807},{\"@type\":\"BreadcrumbList\",\"@id\":\"https:\/\/bierger.remich.lu\/de\/ville-de-remich\/schulwesen\/gutscheinsystem-fur-kinderbetreuung-csa\/#breadcrumb\",\"itemListElement\":[{\"@type\":\"ListItem\",\"position\":1,\"name\":\"Startseite\",\"item\":\"https:\/\/bierger.remich.lu\/de\/\"},{\"@type\":\"ListItem\",\"position\":2,\"name\":\"Stadt Remich\",\"item\":\"https:\/\/bierger.remich.lu\/de\/ville-de-remich\/\"},{\"@type\":\"ListItem\",\"position\":3,\"name\":\"Bildung und Kinder\",\"item\":\"https:\/\/bierger.remich.lu\/de\/ville-de-remich\/schulwesen\/\"},{\"@type\":\"ListItem\",\"position\":4,\"name\":\"Gutscheinsystem f\u00fcr Kinderbetreuung (CSA)\"}]},{\"@type\":\"WebSite\",\"@id\":\"https:\/\/bierger.remich.lu\/de\/#website\",\"url\":\"https:\/\/bierger.remich.lu\/de\/\",\"name\":\"Ville de Remich\",\"description\":\"\",\"potentialAction\":[{\"@type\":\"SearchAction\",\"target\":{\"@type\":\"EntryPoint\",\"urlTemplate\":\"https:\/\/bierger.remich.lu\/de\/?s={search_term_string}\"},\"query-input\":{\"@type\":\"PropertyValueSpecification\",\"valueRequired\":true,\"valueName\":\"search_term_string\"}}],\"inLanguage\":\"lb-LU\"}]}<\/script>\n<!-- \/ Yoast SEO plugin. -->","yoast_head_json":{"title":"Ch\u00e8que-service (CSA) - Ville de Remich","robots":{"index":"index","follow":"follow","max-snippet":"max-snippet:-1","max-image-preview":"max-image-preview:large","max-video-preview":"max-video-preview:-1"},"canonical":"https:\/\/bierger.remich.lu\/de\/ville-de-remich\/schulwesen\/gutscheinsystem-fur-kinderbetreuung-csa\/","og_locale":"en_US","og_type":"article","og_title":"Ch\u00e8que-service (CSA) - Ville de Remich","og_description":"Fir vum CSA-System k\u00ebnnen ze profit\u00e9ieren, mussen d\u2019Eltere bei der Gemeng eng CSA-Kaart ufroen, d\u00e9i op den Numm vum Kand ausgestallt g\u00ebtt. Elteren, d\u00e9i net zu L\u00ebtzebuerg wunnen, mussen sech un d\u2019Keess fir d\u2019Zukunft vum Kand (Caisse pour l\u2019avenir des enfants) adress\u00e9ieren. D\u2019myCard fir Kanner erlaabt den Zougang zum ges\u00e9cherte Ber\u00e4ich vun der Internets\u00e4it www.staarkkanner.lu,... Read more &raquo;","og_url":"https:\/\/bierger.remich.lu\/de\/ville-de-remich\/schulwesen\/gutscheinsystem-fur-kinderbetreuung-csa\/","og_site_name":"Ville de Remich","article_modified_time":"2023-03-15T09:32:24+00:00","og_image":[{"width":2560,"height":1807,"url":"https:\/\/bierger.remich.lu\/wp-content\/uploads\/sites\/3\/2022\/03\/element5-digital-OyCl7Y4y0Bk-unsplash-scaled.jpg","type":"image\/jpeg"}],"twitter_card":"summary_large_image","twitter_misc":{"Est. reading time":"3 minutes"},"schema":{"@context":"https:\/\/schema.org","@graph":[{"@type":"WebPage","@id":"https:\/\/bierger.remich.lu\/de\/ville-de-remich\/schulwesen\/gutscheinsystem-fur-kinderbetreuung-csa\/","url":"https:\/\/bierger.remich.lu\/de\/ville-de-remich\/schulwesen\/gutscheinsystem-fur-kinderbetreuung-csa\/","name":"Ch\u00e8que-service (CSA) - Ville de Remich","isPartOf":{"@id":"https:\/\/bierger.remich.lu\/de\/#website"},"primaryImageOfPage":{"@id":"https:\/\/bierger.remich.lu\/de\/ville-de-remich\/schulwesen\/gutscheinsystem-fur-kinderbetreuung-csa\/#primaryimage"},"image":{"@id":"https:\/\/bierger.remich.lu\/de\/ville-de-remich\/schulwesen\/gutscheinsystem-fur-kinderbetreuung-csa\/#primaryimage"},"thumbnailUrl":"https:\/\/bierger.remich.lu\/wp-content\/uploads\/sites\/3\/2022\/03\/element5-digital-OyCl7Y4y0Bk-unsplash-scaled.jpg","datePublished":"2022-03-24T09:02:40+00:00","dateModified":"2023-03-15T09:32:24+00:00","breadcrumb":{"@id":"https:\/\/bierger.remich.lu\/de\/ville-de-remich\/schulwesen\/gutscheinsystem-fur-kinderbetreuung-csa\/#breadcrumb"},"inLanguage":"lb-LU","potentialAction":[{"@type":"ReadAction","target":["https:\/\/bierger.remich.lu\/de\/ville-de-remich\/schulwesen\/gutscheinsystem-fur-kinderbetreuung-csa\/"]}]},{"@type":"ImageObject","inLanguage":"lb-LU","@id":"https:\/\/bierger.remich.lu\/de\/ville-de-remich\/schulwesen\/gutscheinsystem-fur-kinderbetreuung-csa\/#primaryimage","url":"https:\/\/bierger.remich.lu\/wp-content\/uploads\/sites\/3\/2022\/03\/element5-digital-OyCl7Y4y0Bk-unsplash-scaled.jpg","contentUrl":"https:\/\/bierger.remich.lu\/wp-content\/uploads\/sites\/3\/2022\/03\/element5-digital-OyCl7Y4y0Bk-unsplash-scaled.jpg","width":2560,"height":1807},{"@type":"BreadcrumbList","@id":"https:\/\/bierger.remich.lu\/de\/ville-de-remich\/schulwesen\/gutscheinsystem-fur-kinderbetreuung-csa\/#breadcrumb","itemListElement":[{"@type":"ListItem","position":1,"name":"Startseite","item":"https:\/\/bierger.remich.lu\/de\/"},{"@type":"ListItem","position":2,"name":"Stadt Remich","item":"https:\/\/bierger.remich.lu\/de\/ville-de-remich\/"},{"@type":"ListItem","position":3,"name":"Bildung und Kinder","item":"https:\/\/bierger.remich.lu\/de\/ville-de-remich\/schulwesen\/"},{"@type":"ListItem","position":4,"name":"Gutscheinsystem f\u00fcr Kinderbetreuung (CSA)"}]},{"@type":"WebSite","@id":"https:\/\/bierger.remich.lu\/de\/#website","url":"https:\/\/bierger.remich.lu\/de\/","name":"Ville de Remich","description":"","potentialAction":[{"@type":"SearchAction","target":{"@type":"EntryPoint","urlTemplate":"https:\/\/bierger.remich.lu\/de\/?s={search_term_string}"},"query-input":{"@type":"PropertyValueSpecification","valueRequired":true,"valueName":"search_term_string"}}],"inLanguage":"lb-LU"}]}},"_links":{"self":[{"href":"https:\/\/bierger.remich.lu\/lb\/wp-json\/wp\/v2\/pages\/8487","targetHints":{"allow":["GET"]}}],"collection":[{"href":"https:\/\/bierger.remich.lu\/lb\/wp-json\/wp\/v2\/pages"}],"about":[{"href":"https:\/\/bierger.remich.lu\/lb\/wp-json\/wp\/v2\/types\/page"}],"author":[{"embeddable":true,"href":"https:\/\/bierger.remich.lu\/lb\/wp-json\/wp\/v2\/users\/4"}],"replies":[{"embeddable":true,"href":"https:\/\/bierger.remich.lu\/lb\/wp-json\/wp\/v2\/comments?post=8487"}],"version-history":[{"count":4,"href":"https:\/\/bierger.remich.lu\/lb\/wp-json\/wp\/v2\/pages\/8487\/revisions"}],"predecessor-version":[{"id":12067,"href":"https:\/\/bierger.remich.lu\/lb\/wp-json\/wp\/v2\/pages\/8487\/revisions\/12067"}],"up":[{"embeddable":true,"href":"https:\/\/bierger.remich.lu\/lb\/wp-json\/wp\/v2\/pages\/1852"}],"wp:featuredmedia":[{"embeddable":true,"href":"https:\/\/bierger.remich.lu\/lb\/wp-json\/wp\/v2\/media\/8488"}],"wp:attachment":[{"href":"https:\/\/bierger.remich.lu\/lb\/wp-json\/wp\/v2\/media?parent=8487"}],"curies":[{"name":"wp","href":"https:\/\/api.w.org\/{rel}","templated":true}]}}